{"id":809,"date":"2021-11-15T10:30:07","date_gmt":"2021-11-15T10:30:07","guid":{"rendered":"https:\/\/twplama.twplguk.wpengine.com\/condiciones-de-uso\/"},"modified":"2021-12-06T14:55:53","modified_gmt":"2021-12-06T14:55:53","slug":"condiciones-de-uso","status":"publish","type":"page","link":"https:\/\/www.assetmanagementacademy.com\/es\/condiciones-de-uso\/","title":{"rendered":"Condiciones de uso"},"content":{"rendered":"\t\t<div data-elementor-type=\"wp-page\" data-elementor-id=\"809\" class=\"elementor elementor-809 elementor-721\" data-elementor-post-type=\"page\">\n\t\t\t\t\t\t<section class=\"elementor-section elementor-top-section elementor-element elementor-element-e8f78b1 elementor-section-boxed elementor-section-height-default elementor-section-height-default\" data-id=\"e8f78b1\" data-element_type=\"section\" data-e-type=\"section\">\n\t\t\t\t\t\t<div class=\"elementor-container elementor-column-gap-default\">\n\t\t\t\t\t<div class=\"elementor-column elementor-col-100 elementor-top-column elementor-element elementor-element-a3e44a4\" data-id=\"a3e44a4\" data-element_type=\"column\" data-e-type=\"column\">\n\t\t\t<div class=\"elementor-widget-wrap elementor-element-populated\">\n\t\t\t\t\t\t<div class=\"elementor-element elementor-element-2a48cc2 elementor-widget elementor-widget-text-editor\" data-id=\"2a48cc2\" data-element_type=\"widget\" data-e-type=\"widget\" data-widget_type=\"text-editor.default\">\n\t\t\t\t<div class=\"elementor-widget-container\">\n\t\t\t\t\t\t\t\t\t<h5>T\u00c9RMINOS DE USO<\/h5>\n<p>Estos t\u00e9rminos de uso (junto con los documentos a los que se hace referencia) le informan los t\u00e9rminos de uso en los que puede hacer uso de nuestro sitio web https:\/\/www.twpl.com\/ (nuestro sitio), ya sea como invitado o como usuario registrado. El uso de nuestro sitio incluye acceder, navegar o registrarse para usar nuestro sitio.<\/p>\n<p>Lea estos t\u00e9rminos de uso detenidamente antes de comenzar a utilizar nuestro sitio, ya que se aplicar\u00e1n a su uso de nuestro sitio. Nosotros recomendamos <br \/>que imprima una copia de este para referencia futura.<\/p>\n<p>Al utilizar nuestro sitio, confirma que acepta estos t\u00e9rminos de uso y que acepta cumplirlos.<\/p>\n<p>Si no est\u00e1 de acuerdo con estos t\u00e9rminos de uso, no debe utilizar nuestro sitio.<\/p>\n<h5>OTROS T\u00c9RMINOS APLICABLES<\/h5>\n<p>Estos t\u00e9rminos de uso se refieren a los siguientes t\u00e9rminos adicionales, que tambi\u00e9n se aplican a su uso de nuestro sitio:<\/p>\n<p>Nuestra Pol\u00edtica de privacidad, que establece los t\u00e9rminos en los que procesamos los datos personales que recopilamos de usted o que usted proporciona a <br \/>nosotros. Al utilizar nuestro sitio, usted da su consentimiento para dicho procesamiento y garantiza que todos los datos proporcionados por usted son precisos.<\/p>\n<h5>INFORMACION SOBRE NOSOTROS<\/h5>\n<p>https:\/\/www.twpl.com\/ es un sitio operado por The Woodhouse Partnership Ltd (\u00abNosotros\u00bb). The Woodhouse Partnership Ltd es <br \/>registrada en Inglaterra y Gales con el n\u00famero de empresa 2935938 Registrada. La direcci\u00f3n de la oficina es 19 Prince Henry House, Kingsclere Business Park, Kingsclere Hampshire RG20 4SW. REINO UNIDO.<\/p>\n<p>Somos una sociedad an\u00f3nima.<\/p>\n<h5>CAMBIOS A ESTOS T\u00c9RMINOS<\/h5>\n<p>Podemos revisar estos t\u00e9rminos de uso en cualquier momento modificando esta p\u00e1gina.<\/p>\n<p>Por favor, consulte esta p\u00e1gina de vez en cuando para tomar nota de los cambios que realizamos, ya que son vinculantes para usted.<\/p>\n<h5>CAMBIOS EN NUESTRO SITIO<\/h5>\n<p>Podemos actualizar nuestro sitio de vez en cuando y podemos cambiar el contenido en cualquier momento. Sin embargo, tenga en cuenta que cualquier contenido de nuestro sitio puede estar desactualizado en un momento dado y no tenemos la obligaci\u00f3n de actualizarlo.<\/p>\n<p>No garantizamos que nuestro sitio, o cualquier contenido en \u00e9l, est\u00e9 libre de errores u omisiones.<\/p>\n<h5>ACCEDER A NUESTRO SITIO<\/h5>\n<p>Nuestro sitio est\u00e1 disponible de forma gratuita.<\/p>\n<p>Este sitio comprende material de marketing producido por nosotros con respecto a propiedades construidas o en proceso de construcci\u00f3n por nosotros o una de las empresas de nuestro grupo. El sitio web est\u00e1 destinado a ayudar a posibles clientes que puedan estar comprando propiedades de nosotros o de una de las empresas de nuestro grupo, o posibles empresas interesadas en trabajar con nosotros. Estos t\u00e9rminos y condiciones se relacionan con cualquier material de marketing producido por nosotros y c\u00f3mo puede ser utilizado y descargado por el usuario. El sitio web no constituye una oferta para entrar en ninguna forma de negociaci\u00f3n o acuerdo con respecto a ninguna propiedad.<\/p>\n<p>No garantizamos que nuestro sitio, o cualquier contenido en \u00e9l, est\u00e9 siempre disponible o sin interrupciones. El acceso a nuestro sitio est\u00e1 permitido de forma temporal. Podemos suspender, retirar, interrumpir o cambiar todo o parte de nuestro sitio sin previo aviso. No seremos responsables ante usted si por alguna raz\u00f3n nuestro sitio no est\u00e1 disponible en cualquier momento o durante cualquier per\u00edodo.<\/p>\n<p>Usted es responsable de hacer todos los arreglos necesarios para tener acceso a nuestro sitio.<\/p>\n<p>Tambi\u00e9n es responsable de asegurarse de que todas las personas que accedan a nuestro sitio a trav\u00e9s de su conexi\u00f3n a Internet conozcan estos t\u00e9rminos de uso y otros t\u00e9rminos y condiciones aplicables, y que los cumplan.<\/p>\n<h5>DERECHOS DE PROPIEDAD INTELECTUAL<\/h5>\n<p>Somos el propietario o el licenciatario de todos los derechos de propiedad intelectual en nuestro sitio y en el material publicado en \u00e9l. Esas obras est\u00e1n protegidas por leyes y tratados de derechos de autor en todo el mundo. Todos los derechos est\u00e1n reservados.<\/p>\n<p>Puede imprimir una copia y descargar extractos de cualquier p\u00e1gina de nuestro sitio para su uso personal y puede llamar la atenci\u00f3n de otros dentro de su organizaci\u00f3n sobre el contenido publicado en nuestro sitio. No debe descargar ni hacer circular ning\u00fan material obtenido de ninguna p\u00e1gina de nuestro sitio con el fin de promocionar propiedades que no sean las que ponemos a la venta nosotros o una de las empresas de nuestro grupo, incluidas las propiedades vendidas anteriormente por nosotros o una de las empresas de nuestro grupo y ahora. puesto a disposici\u00f3n para su reventa por parte de terceros.<\/p>\n<p>No debe modificar las copias en papel o digitales de ning\u00fan material que haya impreso o descargado de ninguna manera, y no debe utilizar ninguna ilustraci\u00f3n, fotograf\u00eda, secuencia de video o audio ni ning\u00fan gr\u00e1fico por separado del texto que lo acompa\u00f1a.<\/p>\n<p>Siempre se debe reconocer nuestro estado (y el de cualquier contribuyente identificado) como autores del contenido de nuestro sitio.<\/p>\n<p>No debe utilizar ninguna parte del contenido de nuestro sitio con fines comerciales sin obtener una licencia para hacerlo de nosotros o de nuestros licenciantes.<\/p>\n<p>Si imprime, copia o descarga cualquier parte de nuestro sitio en incumplimiento de estos t\u00e9rminos de uso, su derecho a utilizar nuestro sitio cesar\u00e1 de inmediato y deber\u00e1, a nuestra discreci\u00f3n, devolver o destruir cualquier copia de los materiales que haya realizado.<\/p>\n<h5>SIN CONFIANZA EN LA INFORMACI\u00d3N<\/h5>\n<p>El contenido de nuestro sitio se proporciona solo para informaci\u00f3n general. No pretende ser un consejo en el que deba confiar. <br \/>Debe obtener asesoramiento profesional o especializado antes de tomar o abstenerse de cualquier acci\u00f3n basada en el contenido de nuestro sitio.<\/p>\n<p>Aunque hacemos esfuerzos razonables para actualizar la informaci\u00f3n en nuestro sitio, no hacemos declaraciones, garant\u00edas o garant\u00edas, ya sean expresas o impl\u00edcitas, de que el contenido de nuestro sitio sea exacto, completo o actualizado.<\/p>\n<h5>LIMITACI\u00d3N DE NUESTRA RESPONSABILIDAD<\/h5>\n<p>Nada en estos t\u00e9rminos de uso excluye o limita nuestra responsabilidad por muerte o lesiones personales que surjan de nuestra negligencia, o nuestro fraude o tergiversaci\u00f3n fraudulenta, o cualquier otra responsabilidad que no pueda ser excluida o limitada por la ley inglesa.<\/p>\n<p>En la medida en que lo permita la ley, excluimos todas las condiciones, garant\u00edas, representaciones u otros t\u00e9rminos que puedan aplicarse a nuestro sitio o cualquier contenido en \u00e9l, ya sea expreso o impl\u00edcito.<\/p>\n<p>No seremos responsables ante ning\u00fan usuario por ninguna p\u00e9rdida o da\u00f1o, ya sea por contrato, agravio (incluida la negligencia), incumplimiento de la obligaci\u00f3n legal o de otro modo, incluso si es previsible, que surja de o en relaci\u00f3n con:<\/p>\n<ul>\n<li>uso o imposibilidad de usar nuestro sitio; o<\/li>\n<li>uso o dependencia de cualquier contenido mostrado en nuestro sitio.<\/li>\n<\/ul>\n<p>Si es un usuario comercial, tenga en cuenta que, en particular, no seremos responsables de:<\/p>\n<ul>\n<li>p\u00e9rdida de ganancias, ventas, negocios o ingresos;<\/li>\n<li>interrupci\u00f3n del negocio<\/li>\n<li>p\u00e9rdida de ahorros anticipados;<\/li>\n<li>p\u00e9rdida de oportunidad comercial, buena voluntad o reputaci\u00f3n; o<\/li>\n<li>cualquier p\u00e9rdida o da\u00f1o indirecto o consecuente.<\/li>\n<\/ul>\n<p>Si es un usuario consumidor, tenga en cuenta que solo proporcionamos nuestro sitio para uso dom\u00e9stico y privado. Usted acepta no utilizar nuestro sitio para fines comerciales o comerciales, y no tenemos ninguna responsabilidad ante usted por cualquier p\u00e9rdida de ganancias, p\u00e9rdida de negocios, interrupci\u00f3n de negocios o p\u00e9rdida de oportunidades comerciales.<\/p>\n<p>No seremos responsables de ninguna p\u00e9rdida o da\u00f1o causado por un virus, un ataque distribuido de denegaci\u00f3n de servicio u otro material tecnol\u00f3gicamente da\u00f1ino que pueda infectar su equipo inform\u00e1tico, programas inform\u00e1ticos, datos u otro material patentado debido a su uso de nuestro sitio. oa la descarga de cualquier contenido en \u00e9l, o en cualquier sitio web vinculado a \u00e9l.<\/p>\n<p>No asumimos ninguna responsabilidad por el contenido de los sitios web vinculados a nuestro sitio. Dichos enlaces no deben interpretarse como un respaldo por nuestra parte de esos sitios web vinculados. No seremos responsables de ninguna p\u00e9rdida o da\u00f1o que pueda derivarse de su uso.<\/p>\n<h5>VIRUS<\/h5>\n<p>No garantizamos que nuestro sitio sea seguro o est\u00e9 libre de errores o virus.<\/p>\n<p>Usted es responsable de configurar su tecnolog\u00eda de la informaci\u00f3n, programas inform\u00e1ticos y plataforma para acceder a nuestro sitio. Debe utilizar su propio software de protecci\u00f3n antivirus.<\/p>\n<p>No debe hacer un mal uso de nuestro sitio introduciendo a sabiendas virus, troyanos, gusanos, bombas l\u00f3gicas u otro material que sea malicioso o tecnol\u00f3gicamente da\u00f1ino. No debe intentar obtener acceso no autorizado a nuestro sitio, el servidor en el que se almacena nuestro sitio o cualquier servidor, computadora o base de datos conectada a nuestro sitio. No debe atacar nuestro sitio mediante un ataque de denegaci\u00f3n de servicio o un ataque de denegaci\u00f3n de servicio distribuido. Al violar esta disposici\u00f3n, cometer\u00eda un delito en virtud de la Ley de uso indebido de computadoras de 1990.<\/p>\n<p>Informaremos de cualquier incumplimiento a las autoridades policiales pertinentes y cooperaremos con esas autoridades revel\u00e1ndoles su identidad. En caso de tal incumplimiento, su derecho a utilizar nuestro sitio cesar\u00e1 de inmediato.<\/p>\n<h5>ENLACE A NUESTRO SITIO<\/h5>\n<p>No puede vincular a nuestra p\u00e1gina de inicio sin nuestro permiso previo.<\/p>\n<p>Si desea hacer alg\u00fan uso del contenido de nuestro sitio que no sea el establecido anteriormente, comun\u00edquese con<a href=\"mailto:enquiries@twpl.com\" target=\"_blank\" rel=\"noopener\"> enquiries@twpl.com<\/a> .<\/p>\n<h5>ENLACES Y RECURSOS DE TERCEROS EN NUESTRO SITIO<\/h5>\n<p>Cuando nuestro sitio contiene enlaces a otros sitios y recursos proporcionados por terceros, estos enlaces se proporcionan solo para su informaci\u00f3n.<\/p>\n<p>No tenemos control sobre el contenido de esos sitios o recursos.<\/p>\n<h5>LEY APLICABLE<\/h5>\n<p>Si es un consumidor, tenga en cuenta que estos t\u00e9rminos de uso, su objeto y su formaci\u00f3n, se rigen por la ley inglesa. Tanto usted como nosotros aceptamos que los tribunales de Inglaterra y Gales tendr\u00e1n jurisdicci\u00f3n no exclusiva. Sin embargo, si es residente de Irlanda del Norte, tambi\u00e9n puede iniciar un procedimiento en Irlanda del Norte, y si es residente de Escocia, tambi\u00e9n puede iniciar un procedimiento en Escocia.<\/p>\n<p>Si usted es una empresa, estos t\u00e9rminos de uso, su objeto y su formaci\u00f3n (y cualquier disputa o reclamo no contractual) se rigen por la ley inglesa. Ambos aceptamos la jurisdicci\u00f3n exclusiva de los tribunales de Inglaterra y Gales.<\/p>\n\t\t\t\t\t\t\t\t<\/div>\n\t\t\t\t<\/div>\n\t\t\t\t\t<\/div>\n\t\t<\/div>\n\t\t\t\t\t<\/div>\n\t\t<\/section>\n\t\t\t\t<\/div>\n\t\t","protected":false},"excerpt":{"rendered":"<p>T\u00c9RMINOS DE USO Estos t\u00e9rminos de uso (junto con los documentos a los que se hace referencia) le informan los t\u00e9rminos de uso en los que puede hacer uso de [&hellip;]<\/p>\n","protected":false},"author":1,"featured_media":0,"parent":0,"menu_order":0,"comment_status":"closed","ping_status":"closed","template":"","meta":{"_acf_changed":false,"_tec_requires_first_save":true,"om_disable_all_campaigns":false,"_price":"","_stock":"","_tribe_ticket_header":"","_tribe_default_ticket_provider":"","_tribe_ticket_capacity":"0","_ticket_start_date":"","_ticket_end_date":"","_tribe_ticket_show_description":"","_tribe_ticket_show_not_going":false,"_tribe_ticket_use_global_stock":"","_tribe_ticket_global_stock_level":"","_global_stock_mode":"","_global_stock_cap":"","_tribe_rsvp_for_event":"","_tribe_ticket_going_count":"","_tribe_ticket_not_going_count":"","_tribe_tickets_list":"[]","_tribe_ticket_has_attendee_info_fields":false,"_EventAllDay":false,"_EventTimezone":"","_EventStartDate":"","_EventEndDate":"","_EventStartDateUTC":"","_EventEndDateUTC":"","_EventShowMap":false,"_EventShowMapLink":false,"_EventURL":"","_EventCost":"","_EventCostDescription":"","_EventCurrencySymbol":"","_EventCurrencyCode":"","_EventCurrencyPosition":"","_EventDateTimeSeparator":"","_EventTimeRangeSeparator":"","_EventOrganizerID":[],"_EventVenueID":[],"_OrganizerEmail":"","_OrganizerPhone":"","_OrganizerWebsite":"","_VenueAddress":"","_VenueCity":"","_VenueCountry":"","_VenueProvince":"","_VenueState":"","_VenueZip":"","_VenuePhone":"","_VenueURL":"","_VenueStateProvince":"","_VenueLat":"","_VenueLng":"","_VenueShowMap":false,"_VenueShowMapLink":false,"_tribe_blocks_recurrence_rules":"","_tribe_blocks_recurrence_description":"","_tribe_blocks_recurrence_exclusions":"","footnotes":"","_tec_slr_enabled":"","_tec_slr_layout":""},"class_list":["post-809","page","type-page","status-publish","hentry"],"acf":[],"yoast_head":"<!-- This site is optimized with the Yoast SEO Premium plugin v27.2 (Yoast SEO v27.2) - https:\/\/yoast.com\/product\/yoast-seo-premium-wordpress\/ -->\n<title>Condiciones de uso - Asset Management Academy<\/title>\n<meta name=\"robots\" content=\"index, follow, max-snippet:-1, max-image-preview:large, max-video-preview:-1\" \/>\n<link rel=\"canonical\" href=\"https:\/\/www.assetmanagementacademy.com\/es\/condiciones-de-uso\/\" \/>\n<meta property=\"og:locale\" content=\"es_ES\" \/>\n<meta property=\"og:type\" content=\"article\" \/>\n<meta property=\"og:title\" content=\"Condiciones de uso\" \/>\n<meta property=\"og:description\" content=\"T\u00c9RMINOS DE USO Estos t\u00e9rminos de uso (junto con los documentos a los que se hace referencia) le informan los t\u00e9rminos de uso en los que puede hacer uso de [&hellip;]\" \/>\n<meta property=\"og:url\" content=\"https:\/\/www.assetmanagementacademy.com\/es\/condiciones-de-uso\/\" \/>\n<meta property=\"og:site_name\" content=\"Asset Management Academy\" \/>\n<meta property=\"article:modified_time\" content=\"2021-12-06T14:55:53+00:00\" \/>\n<meta name=\"twitter:card\" content=\"summary_large_image\" \/>\n<meta name=\"twitter:label1\" content=\"Est. reading time\" \/>\n\t<meta name=\"twitter:data1\" content=\"9 minutos\" \/>\n<script type=\"application\/ld+json\" class=\"yoast-schema-graph\">{\"@context\":\"https:\/\/schema.org\",\"@graph\":[{\"@type\":\"WebPage\",\"@id\":\"https:\/\/www.assetmanagementacademy.com\/es\/condiciones-de-uso\/\",\"url\":\"https:\/\/www.assetmanagementacademy.com\/es\/condiciones-de-uso\/\",\"name\":\"Condiciones de uso - Asset Management Academy\",\"isPartOf\":{\"@id\":\"https:\/\/www.assetmanagementacademy.com\/es\/#website\"},\"datePublished\":\"2021-11-15T10:30:07+00:00\",\"dateModified\":\"2021-12-06T14:55:53+00:00\",\"breadcrumb\":{\"@id\":\"https:\/\/www.assetmanagementacademy.com\/es\/condiciones-de-uso\/#breadcrumb\"},\"inLanguage\":\"es\",\"potentialAction\":[{\"@type\":\"ReadAction\",\"target\":[\"https:\/\/www.assetmanagementacademy.com\/es\/condiciones-de-uso\/\"]}]},{\"@type\":\"BreadcrumbList\",\"@id\":\"https:\/\/www.assetmanagementacademy.com\/es\/condiciones-de-uso\/#breadcrumb\",\"itemListElement\":[{\"@type\":\"ListItem\",\"position\":1,\"name\":\"Home\",\"item\":\"https:\/\/www.assetmanagementacademy.com\/es\/hogar\/\"},{\"@type\":\"ListItem\",\"position\":2,\"name\":\"Condiciones de uso\"}]},{\"@type\":\"WebSite\",\"@id\":\"https:\/\/www.assetmanagementacademy.com\/es\/#website\",\"url\":\"https:\/\/www.assetmanagementacademy.com\/es\/\",\"name\":\"Asset Management Academy\",\"description\":\"Asset Management Academy\",\"publisher\":{\"@id\":\"https:\/\/www.assetmanagementacademy.com\/es\/#organization\"},\"potentialAction\":[{\"@type\":\"SearchAction\",\"target\":{\"@type\":\"EntryPoint\",\"urlTemplate\":\"https:\/\/www.assetmanagementacademy.com\/es\/?s={search_term_string}\"},\"query-input\":{\"@type\":\"PropertyValueSpecification\",\"valueRequired\":true,\"valueName\":\"search_term_string\"}}],\"inLanguage\":\"es\"},{\"@type\":\"Organization\",\"@id\":\"https:\/\/www.assetmanagementacademy.com\/es\/#organization\",\"name\":\"Asset Management Academy\",\"url\":\"https:\/\/www.assetmanagementacademy.com\/es\/\",\"logo\":{\"@type\":\"ImageObject\",\"inLanguage\":\"es\",\"@id\":\"https:\/\/www.assetmanagementacademy.com\/es\/#\/schema\/logo\/image\/\",\"url\":\"https:\/\/www.assetmanagementacademy.com\/wp-content\/uploads\/sites\/6\/2021\/09\/AMA-Logo-350x83-1.png\",\"contentUrl\":\"https:\/\/www.assetmanagementacademy.com\/wp-content\/uploads\/sites\/6\/2021\/09\/AMA-Logo-350x83-1.png\",\"width\":350,\"height\":83,\"caption\":\"Asset Management Academy\"},\"image\":{\"@id\":\"https:\/\/www.assetmanagementacademy.com\/es\/#\/schema\/logo\/image\/\"}}]}<\/script>\n<!-- \/ Yoast SEO Premium plugin. -->","yoast_head_json":{"title":"Condiciones de uso - Asset Management Academy","robots":{"index":"index","follow":"follow","max-snippet":"max-snippet:-1","max-image-preview":"max-image-preview:large","max-video-preview":"max-video-preview:-1"},"canonical":"https:\/\/www.assetmanagementacademy.com\/es\/condiciones-de-uso\/","og_locale":"es_ES","og_type":"article","og_title":"Condiciones de uso","og_description":"T\u00c9RMINOS DE USO Estos t\u00e9rminos de uso (junto con los documentos a los que se hace referencia) le informan los t\u00e9rminos de uso en los que puede hacer uso de [&hellip;]","og_url":"https:\/\/www.assetmanagementacademy.com\/es\/condiciones-de-uso\/","og_site_name":"Asset Management Academy","article_modified_time":"2021-12-06T14:55:53+00:00","twitter_card":"summary_large_image","twitter_misc":{"Est. reading time":"9 minutos"},"schema":{"@context":"https:\/\/schema.org","@graph":[{"@type":"WebPage","@id":"https:\/\/www.assetmanagementacademy.com\/es\/condiciones-de-uso\/","url":"https:\/\/www.assetmanagementacademy.com\/es\/condiciones-de-uso\/","name":"Condiciones de uso - Asset Management Academy","isPartOf":{"@id":"https:\/\/www.assetmanagementacademy.com\/es\/#website"},"datePublished":"2021-11-15T10:30:07+00:00","dateModified":"2021-12-06T14:55:53+00:00","breadcrumb":{"@id":"https:\/\/www.assetmanagementacademy.com\/es\/condiciones-de-uso\/#breadcrumb"},"inLanguage":"es","potentialAction":[{"@type":"ReadAction","target":["https:\/\/www.assetmanagementacademy.com\/es\/condiciones-de-uso\/"]}]},{"@type":"BreadcrumbList","@id":"https:\/\/www.assetmanagementacademy.com\/es\/condiciones-de-uso\/#breadcrumb","itemListElement":[{"@type":"ListItem","position":1,"name":"Home","item":"https:\/\/www.assetmanagementacademy.com\/es\/hogar\/"},{"@type":"ListItem","position":2,"name":"Condiciones de uso"}]},{"@type":"WebSite","@id":"https:\/\/www.assetmanagementacademy.com\/es\/#website","url":"https:\/\/www.assetmanagementacademy.com\/es\/","name":"Asset Management Academy","description":"Asset Management Academy","publisher":{"@id":"https:\/\/www.assetmanagementacademy.com\/es\/#organization"},"potentialAction":[{"@type":"SearchAction","target":{"@type":"EntryPoint","urlTemplate":"https:\/\/www.assetmanagementacademy.com\/es\/?s={search_term_string}"},"query-input":{"@type":"PropertyValueSpecification","valueRequired":true,"valueName":"search_term_string"}}],"inLanguage":"es"},{"@type":"Organization","@id":"https:\/\/www.assetmanagementacademy.com\/es\/#organization","name":"Asset Management Academy","url":"https:\/\/www.assetmanagementacademy.com\/es\/","logo":{"@type":"ImageObject","inLanguage":"es","@id":"https:\/\/www.assetmanagementacademy.com\/es\/#\/schema\/logo\/image\/","url":"https:\/\/www.assetmanagementacademy.com\/wp-content\/uploads\/sites\/6\/2021\/09\/AMA-Logo-350x83-1.png","contentUrl":"https:\/\/www.assetmanagementacademy.com\/wp-content\/uploads\/sites\/6\/2021\/09\/AMA-Logo-350x83-1.png","width":350,"height":83,"caption":"Asset Management Academy"},"image":{"@id":"https:\/\/www.assetmanagementacademy.com\/es\/#\/schema\/logo\/image\/"}}]}},"ticketed":false,"_links":{"self":[{"href":"https:\/\/www.assetmanagementacademy.com\/es\/wp-json\/wp\/v2\/pages\/809","targetHints":{"allow":["GET"]}}],"collection":[{"href":"https:\/\/www.assetmanagementacademy.com\/es\/wp-json\/wp\/v2\/pages"}],"about":[{"href":"https:\/\/www.assetmanagementacademy.com\/es\/wp-json\/wp\/v2\/types\/page"}],"author":[{"embeddable":true,"href":"https:\/\/www.assetmanagementacademy.com\/es\/wp-json\/wp\/v2\/users\/1"}],"replies":[{"embeddable":true,"href":"https:\/\/www.assetmanagementacademy.com\/es\/wp-json\/wp\/v2\/comments?post=809"}],"version-history":[{"count":0,"href":"https:\/\/www.assetmanagementacademy.com\/es\/wp-json\/wp\/v2\/pages\/809\/revisions"}],"wp:attachment":[{"href":"https:\/\/www.assetmanagementacademy.com\/es\/wp-json\/wp\/v2\/media?parent=809"}],"curies":[{"name":"wp","href":"https:\/\/api.w.org\/{rel}","templated":true}]}}