{"id":985,"date":"2021-12-08T15:53:53","date_gmt":"2021-12-08T15:53:53","guid":{"rendered":"https:\/\/twplama.twplguk.wpengine.com\/product\/examen-de-diploma-iam\/"},"modified":"2022-05-19T10:29:47","modified_gmt":"2022-05-19T09:29:47","slug":"examen-diploma-iam","status":"publish","type":"product","link":"https:\/\/www.assetmanagementacademy.com\/es\/producto\/examen-diploma-iam\/","title":{"rendered":"Examen de diploma IAM"},"content":{"rendered":"<p>Est\u00e9 listo para tomar su examen de diploma IAM una vez que haya completado su curso, estudios y lectura recomendada de Gesti\u00f3n de Activos Avanzada. Incluso puede realizar el examen en casa con <a href=\"https:\/\/home.pearsonvue.com\/theiam\/onvue\" target=\"_blank\" rel=\"noopener\">OnVue.<\/a><\/p>\n<p>Las tarifas que se muestran cubren el proceso de registro y permiten la entrada para rendir el examen una vez. Si un candidato opta por volver a realizar el examen, se aplica la misma tarifa para registrarse y volver a presentarse al examen. Los estudiantes recibir\u00e1n un c\u00f3digo de cup\u00f3n que les permitir\u00e1 registrarse en l\u00ednea.<\/p>\n<p>El examen avanzado de gesti\u00f3n de activos es un examen supervisado de 3 horas y consta de 70 preguntas de opci\u00f3n m\u00faltiple en 12 m\u00f3dulos obligatorios. Para recibir el Diploma IAM, los candidatos deber\u00e1n alcanzar una puntuaci\u00f3n general del 65%, con una puntuaci\u00f3n no inferior al 50% en cada uno de los cinco m\u00f3dulos. Los candidatos que logren un puntaje agregado del 75%, que hayan aprobado todos los m\u00f3dulos al 50% o m\u00e1s, recibir\u00e1n un Diploma con Distinci\u00f3n. El examen es a \u00ablibro cerrado\u00bb, lo que significa que los materiales de referencia impresos y los diccionarios no se pueden llevar a la sala de examen.<\/p>\n<p>La IAM recomienda que se necesiten aproximadamente 200 horas de estudio para prepararse para el examen de \u00abGesti\u00f3n avanzada de activos\u00bb, seg\u00fan sus conocimientos y experiencia previos.<\/p>\n","protected":false},"excerpt":{"rendered":"<p>Est\u00e9 listo para tomar su examen de diploma IAM una vez que haya completado su curso, estudios y lectura recomendada de Gesti\u00f3n de Activos Avanzada. Incluso puede realizar el examen [&hellip;]<\/p>\n","protected":false},"featured_media":923,"template":"","meta":{"_acf_changed":false,"_tec_requires_first_save":true,"om_disable_all_campaigns":false,"_price":"350","_stock":"","_tribe_ticket_header":"","_tribe_default_ticket_provider":"","_tribe_ticket_capacity":"0","_ticket_start_date":"","_ticket_end_date":"","_tribe_ticket_show_description":"","_tribe_ticket_show_not_going":false,"_tribe_ticket_use_global_stock":"","_tribe_ticket_global_stock_level":"","_global_stock_mode":"","_global_stock_cap":"","_tribe_rsvp_for_event":"","_tribe_ticket_going_count":"","_tribe_ticket_not_going_count":"","_tribe_tickets_list":"[]","_tribe_ticket_has_attendee_info_fields":false,"_EventAllDay":false,"_EventTimezone":"","_EventStartDate":"","_EventEndDate":"","_EventStartDateUTC":"","_EventEndDateUTC":"","_EventShowMap":false,"_EventShowMapLink":false,"_EventURL":"","_EventCost":"","_EventCostDescription":"","_EventCurrencySymbol":"","_EventCurrencyCode":"","_EventCurrencyPosition":"","_EventDateTimeSeparator":"","_EventTimeRangeSeparator":"","_EventOrganizerID":[],"_EventVenueID":[],"_OrganizerEmail":"","_OrganizerPhone":"","_OrganizerWebsite":"","_VenueAddress":"","_VenueCity":"","_VenueCountry":"","_VenueProvince":"","_VenueState":"","_VenueZip":"","_VenuePhone":"","_VenueURL":"","_VenueStateProvince":"","_VenueLat":"","_VenueLng":"","_VenueShowMap":false,"_VenueShowMapLink":false,"_tribe_blocks_recurrence_rules":"","_tribe_blocks_recurrence_description":"","_tribe_blocks_recurrence_exclusions":"","_tec_slr_enabled":"","_tec_slr_layout":""},"product_brand":[],"product_cat":[54],"product_tag":[],"class_list":{"0":"post-985","1":"product","2":"type-product","3":"status-publish","4":"has-post-thumbnail","6":"product_cat-diploma-iam","8":"first","9":"instock","10":"virtual","11":"purchasable","12":"product-type-simple"},"acf":[],"yoast_head":"<!-- This site is optimized with the Yoast SEO Premium plugin v27.2 (Yoast SEO v27.5) - https:\/\/yoast.com\/product\/yoast-seo-premium-wordpress\/ -->\n<title>Examen de diploma IAM - Asset Management Academy<\/title>\n<meta name=\"robots\" content=\"index, follow, max-snippet:-1, max-image-preview:large, max-video-preview:-1\" \/>\n<link rel=\"canonical\" href=\"https:\/\/www.assetmanagementacademy.com\/es\/producto\/examen-diploma-iam\/\" \/>\n<meta property=\"og:locale\" content=\"es_ES\" \/>\n<meta property=\"og:type\" content=\"article\" \/>\n<meta property=\"og:title\" content=\"Examen de diploma IAM\" \/>\n<meta property=\"og:description\" content=\"Est\u00e9 listo para tomar su examen de diploma IAM una vez que haya completado su curso, estudios y lectura recomendada de Gesti\u00f3n de Activos Avanzada. Incluso puede realizar el examen [&hellip;]\" \/>\n<meta property=\"og:url\" content=\"https:\/\/www.assetmanagementacademy.com\/es\/producto\/examen-diploma-iam\/\" \/>\n<meta property=\"og:site_name\" content=\"Asset Management Academy\" \/>\n<meta property=\"article:modified_time\" content=\"2022-05-19T09:29:47+00:00\" \/>\n<meta property=\"og:image\" content=\"https:\/\/www.assetmanagementacademy.com\/wp-content\/uploads\/sites\/6\/2021\/12\/IAM-Diploma-decal.jpg\" \/>\n\t<meta property=\"og:image:width\" content=\"561\" \/>\n\t<meta property=\"og:image:height\" content=\"551\" \/>\n\t<meta property=\"og:image:type\" content=\"image\/jpeg\" \/>\n<meta name=\"twitter:card\" content=\"summary_large_image\" \/>\n<meta name=\"twitter:label1\" content=\"Est. reading time\" \/>\n\t<meta name=\"twitter:data1\" content=\"1 minuto\" \/>\n<script type=\"application\/ld+json\" class=\"yoast-schema-graph\">{\"@context\":\"https:\\\/\\\/schema.org\",\"@graph\":[{\"@type\":\"WebPage\",\"@id\":\"https:\\\/\\\/www.assetmanagementacademy.com\\\/es\\\/producto\\\/examen-diploma-iam\\\/\",\"url\":\"https:\\\/\\\/www.assetmanagementacademy.com\\\/es\\\/producto\\\/examen-diploma-iam\\\/\",\"name\":\"Examen de diploma IAM - Asset Management Academy\",\"isPartOf\":{\"@id\":\"https:\\\/\\\/www.assetmanagementacademy.com\\\/es\\\/#website\"},\"primaryImageOfPage\":{\"@id\":\"https:\\\/\\\/www.assetmanagementacademy.com\\\/es\\\/producto\\\/examen-diploma-iam\\\/#primaryimage\"},\"image\":{\"@id\":\"https:\\\/\\\/www.assetmanagementacademy.com\\\/es\\\/producto\\\/examen-diploma-iam\\\/#primaryimage\"},\"thumbnailUrl\":\"https:\\\/\\\/www.assetmanagementacademy.com\\\/wp-content\\\/uploads\\\/sites\\\/6\\\/2021\\\/12\\\/IAM-Diploma-decal.jpg\",\"datePublished\":\"2021-12-08T15:53:53+00:00\",\"dateModified\":\"2022-05-19T09:29:47+00:00\",\"breadcrumb\":{\"@id\":\"https:\\\/\\\/www.assetmanagementacademy.com\\\/es\\\/producto\\\/examen-diploma-iam\\\/#breadcrumb\"},\"inLanguage\":\"es\",\"potentialAction\":[{\"@type\":\"ReadAction\",\"target\":[\"https:\\\/\\\/www.assetmanagementacademy.com\\\/es\\\/producto\\\/examen-diploma-iam\\\/\"]}]},{\"@type\":\"ImageObject\",\"inLanguage\":\"es\",\"@id\":\"https:\\\/\\\/www.assetmanagementacademy.com\\\/es\\\/producto\\\/examen-diploma-iam\\\/#primaryimage\",\"url\":\"https:\\\/\\\/www.assetmanagementacademy.com\\\/wp-content\\\/uploads\\\/sites\\\/6\\\/2021\\\/12\\\/IAM-Diploma-decal.jpg\",\"contentUrl\":\"https:\\\/\\\/www.assetmanagementacademy.com\\\/wp-content\\\/uploads\\\/sites\\\/6\\\/2021\\\/12\\\/IAM-Diploma-decal.jpg\",\"width\":561,\"height\":551},{\"@type\":\"BreadcrumbList\",\"@id\":\"https:\\\/\\\/www.assetmanagementacademy.com\\\/es\\\/producto\\\/examen-diploma-iam\\\/#breadcrumb\",\"itemListElement\":[{\"@type\":\"ListItem\",\"position\":1,\"name\":\"Home\",\"item\":\"https:\\\/\\\/www.assetmanagementacademy.com\\\/es\\\/hogar\\\/\"},{\"@type\":\"ListItem\",\"position\":2,\"name\":\"tienda\",\"item\":\"https:\\\/\\\/www.assetmanagementacademy.com\\\/shop\\\/\"},{\"@type\":\"ListItem\",\"position\":3,\"name\":\"Examen de diploma IAM\"}]},{\"@type\":\"WebSite\",\"@id\":\"https:\\\/\\\/www.assetmanagementacademy.com\\\/es\\\/#website\",\"url\":\"https:\\\/\\\/www.assetmanagementacademy.com\\\/es\\\/\",\"name\":\"Asset Management Academy\",\"description\":\"Asset Management Academy\",\"publisher\":{\"@id\":\"https:\\\/\\\/www.assetmanagementacademy.com\\\/es\\\/#organization\"},\"potentialAction\":[{\"@type\":\"SearchAction\",\"target\":{\"@type\":\"EntryPoint\",\"urlTemplate\":\"https:\\\/\\\/www.assetmanagementacademy.com\\\/es\\\/?s={search_term_string}\"},\"query-input\":{\"@type\":\"PropertyValueSpecification\",\"valueRequired\":true,\"valueName\":\"search_term_string\"}}],\"inLanguage\":\"es\"},{\"@type\":\"Organization\",\"@id\":\"https:\\\/\\\/www.assetmanagementacademy.com\\\/es\\\/#organization\",\"name\":\"Asset Management Academy\",\"url\":\"https:\\\/\\\/www.assetmanagementacademy.com\\\/es\\\/\",\"logo\":{\"@type\":\"ImageObject\",\"inLanguage\":\"es\",\"@id\":\"https:\\\/\\\/www.assetmanagementacademy.com\\\/es\\\/#\\\/schema\\\/logo\\\/image\\\/\",\"url\":\"https:\\\/\\\/www.assetmanagementacademy.com\\\/wp-content\\\/uploads\\\/sites\\\/6\\\/2021\\\/09\\\/AMA-Logo-350x83-1.png\",\"contentUrl\":\"https:\\\/\\\/www.assetmanagementacademy.com\\\/wp-content\\\/uploads\\\/sites\\\/6\\\/2021\\\/09\\\/AMA-Logo-350x83-1.png\",\"width\":350,\"height\":83,\"caption\":\"Asset Management Academy\"},\"image\":{\"@id\":\"https:\\\/\\\/www.assetmanagementacademy.com\\\/es\\\/#\\\/schema\\\/logo\\\/image\\\/\"}}]}<\/script>\n<!-- \/ Yoast SEO Premium plugin. -->","yoast_head_json":{"title":"Examen de diploma IAM - Asset Management Academy","robots":{"index":"index","follow":"follow","max-snippet":"max-snippet:-1","max-image-preview":"max-image-preview:large","max-video-preview":"max-video-preview:-1"},"canonical":"https:\/\/www.assetmanagementacademy.com\/es\/producto\/examen-diploma-iam\/","og_locale":"es_ES","og_type":"article","og_title":"Examen de diploma IAM","og_description":"Est\u00e9 listo para tomar su examen de diploma IAM una vez que haya completado su curso, estudios y lectura recomendada de Gesti\u00f3n de Activos Avanzada. Incluso puede realizar el examen [&hellip;]","og_url":"https:\/\/www.assetmanagementacademy.com\/es\/producto\/examen-diploma-iam\/","og_site_name":"Asset Management Academy","article_modified_time":"2022-05-19T09:29:47+00:00","og_image":[{"width":561,"height":551,"url":"https:\/\/www.assetmanagementacademy.com\/wp-content\/uploads\/sites\/6\/2021\/12\/IAM-Diploma-decal.jpg","type":"image\/jpeg"}],"twitter_card":"summary_large_image","twitter_misc":{"Est. reading time":"1 minuto"},"schema":{"@context":"https:\/\/schema.org","@graph":[{"@type":"WebPage","@id":"https:\/\/www.assetmanagementacademy.com\/es\/producto\/examen-diploma-iam\/","url":"https:\/\/www.assetmanagementacademy.com\/es\/producto\/examen-diploma-iam\/","name":"Examen de diploma IAM - Asset Management Academy","isPartOf":{"@id":"https:\/\/www.assetmanagementacademy.com\/es\/#website"},"primaryImageOfPage":{"@id":"https:\/\/www.assetmanagementacademy.com\/es\/producto\/examen-diploma-iam\/#primaryimage"},"image":{"@id":"https:\/\/www.assetmanagementacademy.com\/es\/producto\/examen-diploma-iam\/#primaryimage"},"thumbnailUrl":"https:\/\/www.assetmanagementacademy.com\/wp-content\/uploads\/sites\/6\/2021\/12\/IAM-Diploma-decal.jpg","datePublished":"2021-12-08T15:53:53+00:00","dateModified":"2022-05-19T09:29:47+00:00","breadcrumb":{"@id":"https:\/\/www.assetmanagementacademy.com\/es\/producto\/examen-diploma-iam\/#breadcrumb"},"inLanguage":"es","potentialAction":[{"@type":"ReadAction","target":["https:\/\/www.assetmanagementacademy.com\/es\/producto\/examen-diploma-iam\/"]}]},{"@type":"ImageObject","inLanguage":"es","@id":"https:\/\/www.assetmanagementacademy.com\/es\/producto\/examen-diploma-iam\/#primaryimage","url":"https:\/\/www.assetmanagementacademy.com\/wp-content\/uploads\/sites\/6\/2021\/12\/IAM-Diploma-decal.jpg","contentUrl":"https:\/\/www.assetmanagementacademy.com\/wp-content\/uploads\/sites\/6\/2021\/12\/IAM-Diploma-decal.jpg","width":561,"height":551},{"@type":"BreadcrumbList","@id":"https:\/\/www.assetmanagementacademy.com\/es\/producto\/examen-diploma-iam\/#breadcrumb","itemListElement":[{"@type":"ListItem","position":1,"name":"Home","item":"https:\/\/www.assetmanagementacademy.com\/es\/hogar\/"},{"@type":"ListItem","position":2,"name":"tienda","item":"https:\/\/www.assetmanagementacademy.com\/shop\/"},{"@type":"ListItem","position":3,"name":"Examen de diploma IAM"}]},{"@type":"WebSite","@id":"https:\/\/www.assetmanagementacademy.com\/es\/#website","url":"https:\/\/www.assetmanagementacademy.com\/es\/","name":"Asset Management Academy","description":"Asset Management Academy","publisher":{"@id":"https:\/\/www.assetmanagementacademy.com\/es\/#organization"},"potentialAction":[{"@type":"SearchAction","target":{"@type":"EntryPoint","urlTemplate":"https:\/\/www.assetmanagementacademy.com\/es\/?s={search_term_string}"},"query-input":{"@type":"PropertyValueSpecification","valueRequired":true,"valueName":"search_term_string"}}],"inLanguage":"es"},{"@type":"Organization","@id":"https:\/\/www.assetmanagementacademy.com\/es\/#organization","name":"Asset Management Academy","url":"https:\/\/www.assetmanagementacademy.com\/es\/","logo":{"@type":"ImageObject","inLanguage":"es","@id":"https:\/\/www.assetmanagementacademy.com\/es\/#\/schema\/logo\/image\/","url":"https:\/\/www.assetmanagementacademy.com\/wp-content\/uploads\/sites\/6\/2021\/09\/AMA-Logo-350x83-1.png","contentUrl":"https:\/\/www.assetmanagementacademy.com\/wp-content\/uploads\/sites\/6\/2021\/09\/AMA-Logo-350x83-1.png","width":350,"height":83,"caption":"Asset Management Academy"},"image":{"@id":"https:\/\/www.assetmanagementacademy.com\/es\/#\/schema\/logo\/image\/"}}]}},"_links":{"self":[{"href":"https:\/\/www.assetmanagementacademy.com\/es\/wp-json\/wp\/v2\/product\/985","targetHints":{"allow":["GET"]}}],"collection":[{"href":"https:\/\/www.assetmanagementacademy.com\/es\/wp-json\/wp\/v2\/product"}],"about":[{"href":"https:\/\/www.assetmanagementacademy.com\/es\/wp-json\/wp\/v2\/types\/product"}],"version-history":[{"count":0,"href":"https:\/\/www.assetmanagementacademy.com\/es\/wp-json\/wp\/v2\/product\/985\/revisions"}],"wp:featuredmedia":[{"embeddable":true,"href":"https:\/\/www.assetmanagementacademy.com\/es\/wp-json\/wp\/v2\/media\/923"}],"wp:attachment":[{"href":"https:\/\/www.assetmanagementacademy.com\/es\/wp-json\/wp\/v2\/media?parent=985"}],"wp:term":[{"taxonomy":"product_brand","embeddable":true,"href":"https:\/\/www.assetmanagementacademy.com\/es\/wp-json\/wp\/v2\/product_brand?post=985"},{"taxonomy":"product_cat","embeddable":true,"href":"https:\/\/www.assetmanagementacademy.com\/es\/wp-json\/wp\/v2\/product_cat?post=985"},{"taxonomy":"product_tag","embeddable":true,"href":"https:\/\/www.assetmanagementacademy.com\/es\/wp-json\/wp\/v2\/product_tag?post=985"}],"curies":[{"name":"wp","href":"https:\/\/api.w.org\/{rel}","templated":true}]}}