{"id":1308,"date":"2022-03-29T14:10:06","date_gmt":"2022-03-29T13:10:06","guid":{"rendered":"https:\/\/www.assetmanagementacademy.com\/comentarios\/"},"modified":"2022-04-01T13:36:48","modified_gmt":"2022-04-01T12:36:48","slug":"comentarios","status":"publish","type":"page","link":"https:\/\/www.assetmanagementacademy.com\/pt-br\/comentarios\/","title":{"rendered":"Coment\u00e1rios"},"content":{"rendered":"\t\t<div data-elementor-type=\"wp-page\" data-elementor-id=\"1308\" class=\"elementor elementor-1308 elementor-1302\" data-elementor-post-type=\"page\">\n\t\t\t\t\t\t<section class=\"elementor-section elementor-top-section elementor-element elementor-element-a9a8181 elementor-section-height-min-height elementor-section-boxed elementor-section-height-default elementor-section-items-middle\" data-id=\"a9a8181\" data-element_type=\"section\" data-e-type=\"section\" data-settings=\"{&quot;background_background&quot;:&quot;classic&quot;}\">\n\t\t\t\t\t\t\t<div class=\"elementor-background-overlay\"><\/div>\n\t\t\t\t\t\t\t<div class=\"elementor-container elementor-column-gap-default\">\n\t\t\t\t\t<div class=\"elementor-column elementor-col-100 elementor-top-column elementor-element elementor-element-69a963d\" data-id=\"69a963d\" data-element_type=\"column\" data-e-type=\"column\">\n\t\t\t<div class=\"elementor-widget-wrap elementor-element-populated\">\n\t\t\t\t\t\t<div class=\"elementor-element elementor-element-8e2cf51 elementor-widget elementor-widget-heading\" data-id=\"8e2cf51\" data-element_type=\"widget\" data-e-type=\"widget\" data-widget_type=\"heading.default\">\n\t\t\t\t<div class=\"elementor-widget-container\">\n\t\t\t\t\t<h2 class=\"elementor-heading-title elementor-size-default\">Coment\u00e1rios<\/h2>\t\t\t\t<\/div>\n\t\t\t\t<\/div>\n\t\t\t\t\t<\/div>\n\t\t<\/div>\n\t\t\t\t\t<\/div>\n\t\t<\/section>\n\t\t\t\t<section class=\"elementor-section elementor-top-section elementor-element elementor-element-031acf2 elementor-section-boxed elementor-section-height-default elementor-section-height-default\" data-id=\"031acf2\" data-element_type=\"section\" data-e-type=\"section\">\n\t\t\t\t\t\t<div class=\"elementor-container elementor-column-gap-default\">\n\t\t\t\t\t<div class=\"elementor-column elementor-col-100 elementor-top-column elementor-element elementor-element-822cc0a\" data-id=\"822cc0a\" data-element_type=\"column\" data-e-type=\"column\">\n\t\t\t<div class=\"elementor-widget-wrap elementor-element-populated\">\n\t\t\t\t\t\t<div class=\"elementor-element elementor-element-63d523c elementor-widget elementor-widget-heading\" data-id=\"63d523c\" data-element_type=\"widget\" data-e-type=\"widget\" data-widget_type=\"heading.default\">\n\t\t\t\t<div class=\"elementor-widget-container\">\n\t\t\t\t\t<h2 class=\"elementor-heading-title elementor-size-default\">Temos o prazer de receber feedback de nossos participantes do curso e compartilh\u00e1-lo com voc\u00ea. <\/h2>\t\t\t\t<\/div>\n\t\t\t\t<\/div>\n\t\t\t\t\t<\/div>\n\t\t<\/div>\n\t\t\t\t\t<\/div>\n\t\t<\/section>\n\t\t\t\t<section class=\"elementor-section elementor-top-section elementor-element elementor-element-5826bf2 elementor-section-boxed elementor-section-height-default elementor-section-height-default\" data-id=\"5826bf2\" data-element_type=\"section\" data-e-type=\"section\">\n\t\t\t\t\t\t<div class=\"elementor-container elementor-column-gap-default\">\n\t\t\t\t\t<div class=\"elementor-column elementor-col-100 elementor-top-column elementor-element elementor-element-942b2a2\" data-id=\"942b2a2\" data-element_type=\"column\" data-e-type=\"column\">\n\t\t\t<div class=\"elementor-widget-wrap elementor-element-populated\">\n\t\t\t\t\t\t<section class=\"elementor-section elementor-inner-section elementor-element elementor-element-a847c0c elementor-section-boxed elementor-section-height-default elementor-section-height-default\" data-id=\"a847c0c\" data-element_type=\"section\" data-e-type=\"section\">\n\t\t\t\t\t\t<div class=\"elementor-container elementor-column-gap-default\">\n\t\t\t\t\t<div class=\"elementor-column elementor-col-100 elementor-inner-column elementor-element elementor-element-ae56eb2\" data-id=\"ae56eb2\" data-element_type=\"column\" data-e-type=\"column\">\n\t\t\t<div class=\"elementor-widget-wrap elementor-element-populated\">\n\t\t\t\t\t\t<div class=\"elementor-element elementor-element-07fa10e elementor-widget elementor-widget-text-editor\" data-id=\"07fa10e\" data-element_type=\"widget\" data-e-type=\"widget\" data-widget_type=\"text-editor.default\">\n\t\t\t\t<div class=\"elementor-widget-container\">\n\t\t\t\t\t\t\t\t\t<p style=\"text-align: center;\">MAR\u00c7O DE 2002<\/p>\t\t\t\t\t\t\t\t<\/div>\n\t\t\t\t<\/div>\n\t\t\t\t<div class=\"elementor-element elementor-element-1398438 elementor-widget elementor-widget-testimonial\" data-id=\"1398438\" data-element_type=\"widget\" data-e-type=\"widget\" data-widget_type=\"testimonial.default\">\n\t\t\t\t<div class=\"elementor-widget-container\">\n\t\t\t\t\t\t\t<div class=\"elementor-testimonial-wrapper\">\n\t\t\t\t\t\t\t<div class=\"elementor-testimonial-content\">Bom dia Craig, Richard e Luc, \n<br>\nNa sequ\u00eancia do meu estudo para o Diploma IAM com voc\u00ea nas \u00faltimas semanas, fiz o exame do Diploma ontem \u00e0 tarde.\nTenho o prazer de poder dizer que consegui uma aprova\u00e7\u00e3o geral de 87% e fui premiado com o Diploma com Distin\u00e7\u00e3o. <br>\nEu queria escrever para voc\u00ea para agradecer pelo excelente curso e pela alta qualidade de ensino, conselhos, material e comprometimento pessoal de voc\u00eas que me ajudaram a alcan\u00e7ar meu resultado. Escolhi estudar com Woodhouse porque voc\u00ea tem \"pele no jogo\": sua experi\u00eancia, profissionalismo e conhecimento de AM claramente brilharam, trouxeram o assunto \u00e0 vida no mundo real e foram inestim\u00e1veis. <br>\nGostaria de manter contato com voc\u00ea - ainda n\u00e3o tenho certeza de onde essa qualifica\u00e7\u00e3o levar\u00e1, mas ser\u00e1 uma parte muito significativa da minha carreira, \u00e0 medida que me aventurar no mundo AM.\n<br>\nMuitas felicidades e mais uma vez, obrigado por sua ajuda.\n<\/div>\n\t\t\t\n\t\t\t\t\t\t<div class=\"elementor-testimonial-meta\">\n\t\t\t\t<div class=\"elementor-testimonial-meta-inner\">\n\t\t\t\t\t\n\t\t\t\t\t\t\t\t\t\t<div class=\"elementor-testimonial-details\">\n\t\t\t\t\t\t\t\t\t\t\t\t\t\t<div class=\"elementor-testimonial-name\">Jane A.<\/div>\n\t\t\t\t\t\t\t\t\t\t\t\t\t\t\t\t\t\t\t\t\t\t<div class=\"elementor-testimonial-job\">Gerente de Entrega de Gerenciamento de Instala\u00e7\u00f5es S\u00eanior<\/div>\n\t\t\t\t\t\t\t\t\t\t\t\t\t<\/div>\n\t\t\t\t\t\t\t\t\t<\/div>\n\t\t\t<\/div>\n\t\t\t\t\t<\/div>\n\t\t\t\t\t\t<\/div>\n\t\t\t\t<\/div>\n\t\t\t\t<div class=\"elementor-element elementor-element-0248e2c elementor-widget elementor-widget-testimonial\" data-id=\"0248e2c\" data-element_type=\"widget\" data-e-type=\"widget\" data-widget_type=\"testimonial.default\">\n\t\t\t\t<div class=\"elementor-widget-container\">\n\t\t\t\t\t\t\t<div class=\"elementor-testimonial-wrapper\">\n\t\t\t\t\t\t\t<div class=\"elementor-testimonial-content\">Cavalheiros, <br>\nEu s\u00f3 queria agradecer por todo o treinamento e materiais que voc\u00ea gentilmente forneceu nas \u00faltimas semanas. Foi realmente interessante e informativo e certamente cimentou minha convic\u00e7\u00e3o de que a boa gest\u00e3o de ativos praticada por voc\u00ea e pelo IAM \u00e9 a maneira correta de abordar as coisas no setor de \u00e1gua.\nEu pensei em me arriscar e fiz o exame de diploma no s\u00e1bado \u00e0 noite\u2026 Eu vivo um estilo de vida rock and roll! Fico feliz em dizer que passei com distin\u00e7\u00e3o gra\u00e7as a voc\u00ea.\n\nCumprimentos<\/div>\n\t\t\t\n\t\t\t\t\t\t<div class=\"elementor-testimonial-meta\">\n\t\t\t\t<div class=\"elementor-testimonial-meta-inner\">\n\t\t\t\t\t\n\t\t\t\t\t\t\t\t\t\t<div class=\"elementor-testimonial-details\">\n\t\t\t\t\t\t\t\t\t\t\t\t\t\t<div class=\"elementor-testimonial-name\">Jorge B.<\/div>\n\t\t\t\t\t\t\t\t\t\t\t\t\t\t\t\t\t\t\t\t\t\t<div class=\"elementor-testimonial-job\">Diretor T\u00e9cnico Infraestrutura<\/div>\n\t\t\t\t\t\t\t\t\t\t\t\t\t<\/div>\n\t\t\t\t\t\t\t\t\t<\/div>\n\t\t\t<\/div>\n\t\t\t\t\t<\/div>\n\t\t\t\t\t\t<\/div>\n\t\t\t\t<\/div>\n\t\t\t\t\t<\/div>\n\t\t<\/div>\n\t\t\t\t\t<\/div>\n\t\t<\/section>\n\t\t\t\t\t<\/div>\n\t\t<\/div>\n\t\t\t\t\t<\/div>\n\t\t<\/section>\n\t\t\t\t<section class=\"elementor-section elementor-top-section elementor-element elementor-element-e5cf496 elementor-section-boxed elementor-section-height-default elementor-section-height-default\" data-id=\"e5cf496\" data-element_type=\"section\" data-e-type=\"section\">\n\t\t\t\t\t\t<div class=\"elementor-container elementor-column-gap-default\">\n\t\t\t\t\t<div class=\"elementor-column elementor-col-100 elementor-top-column elementor-element elementor-element-1ef291d\" data-id=\"1ef291d\" data-element_type=\"column\" data-e-type=\"column\">\n\t\t\t<div class=\"elementor-widget-wrap elementor-element-populated\">\n\t\t\t\t\t\t<div class=\"elementor-element elementor-element-1ac8cbf elementor-widget elementor-widget-menu-anchor\" data-id=\"1ac8cbf\" data-element_type=\"widget\" data-e-type=\"widget\" data-widget_type=\"menu-anchor.default\">\n\t\t\t\t<div class=\"elementor-widget-container\">\n\t\t\t\t\t\t\t<div class=\"elementor-menu-anchor\" id=\"sobmedida\"><\/div>\n\t\t\t\t\t\t<\/div>\n\t\t\t\t<\/div>\n\t\t\t\t\t<\/div>\n\t\t<\/div>\n\t\t\t\t\t<\/div>\n\t\t<\/section>\n\t\t\t\t<section class=\"elementor-section elementor-top-section elementor-element elementor-element-c712c70 elementor-section-boxed elementor-section-height-default elementor-section-height-default\" data-id=\"c712c70\" data-element_type=\"section\" data-e-type=\"section\">\n\t\t\t\t\t\t<div class=\"elementor-container elementor-column-gap-default\">\n\t\t\t\t\t<div class=\"elementor-column elementor-col-100 elementor-top-column elementor-element elementor-element-b5ac3ff\" data-id=\"b5ac3ff\" data-element_type=\"column\" data-e-type=\"column\">\n\t\t\t<div class=\"elementor-widget-wrap elementor-element-populated\">\n\t\t\t\t\t\t<div class=\"elementor-element elementor-element-228f513 elementor-widget elementor-widget-text-editor\" data-id=\"228f513\" data-element_type=\"widget\" data-e-type=\"widget\" data-widget_type=\"text-editor.default\">\n\t\t\t\t<div class=\"elementor-widget-container\">\n\t\t\t\t\t\t\t\t\t<h2>Podemos fazer um programa de treinamento sob medida para voc\u00ea e sua organiza\u00e7\u00e3o?<\/h2><h2>Teremos o maior prazer em discutir os requisitos de sua organiza\u00e7\u00e3o em mais detalhes, entre em <a href=\"https:\/\/www.assetmanagementacademy.com\/pt-br\/contate-nos\/\">contato conosco<\/a> .<\/h2>\t\t\t\t\t\t\t\t<\/div>\n\t\t\t\t<\/div>\n\t\t\t\t\t<\/div>\n\t\t<\/div>\n\t\t\t\t\t<\/div>\n\t\t<\/section>\n\t\t\t\t<section class=\"elementor-section elementor-top-section elementor-element elementor-element-bf8e9f0 elementor-section-boxed elementor-section-height-default elementor-section-height-default\" data-id=\"bf8e9f0\" data-element_type=\"section\" data-e-type=\"section\">\n\t\t\t\t\t\t<div class=\"elementor-container elementor-column-gap-default\">\n\t\t\t\t\t<div class=\"elementor-column elementor-col-33 elementor-top-column elementor-element elementor-element-9cd2f7c\" data-id=\"9cd2f7c\" data-element_type=\"column\" data-e-type=\"column\">\n\t\t\t<div class=\"elementor-widget-wrap elementor-element-populated\">\n\t\t\t\t\t\t<div class=\"elementor-element elementor-element-58451bb elementor-cta--skin-cover elementor-widget elementor-widget-call-to-action\" data-id=\"58451bb\" data-element_type=\"widget\" data-e-type=\"widget\" data-widget_type=\"call-to-action.default\">\n\t\t\t\t<div class=\"elementor-widget-container\">\n\t\t\t\t\t\t\t<a class=\"elementor-cta\" href=\"https:\/\/www.assetmanagementacademy.com\/pt-br\/masterclass-de-gerenciamento-de-ativos\/\">\n\t\t\t\t\t<div class=\"elementor-cta__bg-wrapper\">\n\t\t\t\t<div class=\"elementor-cta__bg elementor-bg\" style=\"background-image: url(https:\/\/www.assetmanagementacademy.com\/wp-content\/uploads\/sites\/6\/2021\/09\/0484_TWPL_Academy-Website-CTA-Banners_751x4714-Masterclass-v2.jpg);\" role=\"img\" aria-label=\"0484_TWPL_Academy Website CTA Banners_751x4714 Masterclass v2\"><\/div>\n\t\t\t\t<div class=\"elementor-cta__bg-overlay\"><\/div>\n\t\t\t<\/div>\n\t\t\t\t\t\t\t<div class=\"elementor-cta__content\">\n\t\t\t\t\n\t\t\t\t\t\t\t\t\t<h2 class=\"elementor-cta__title elementor-cta__content-item elementor-content-item\">\n\t\t\t\t\t\tMasterclass de gerenciamento de ativos\t\t\t\t\t<\/h2>\n\t\t\t\t\n\t\t\t\t\n\t\t\t\t\t\t\t<\/div>\n\t\t\t\t\t\t<\/a>\n\t\t\t\t\t\t<\/div>\n\t\t\t\t<\/div>\n\t\t\t\t\t<\/div>\n\t\t<\/div>\n\t\t\t\t<div class=\"elementor-column elementor-col-33 elementor-top-column elementor-element elementor-element-e750f54\" data-id=\"e750f54\" data-element_type=\"column\" data-e-type=\"column\">\n\t\t\t<div class=\"elementor-widget-wrap elementor-element-populated\">\n\t\t\t\t\t\t<div class=\"elementor-element elementor-element-f5efb94 elementor-cta--skin-cover elementor-widget elementor-widget-call-to-action\" data-id=\"f5efb94\" data-element_type=\"widget\" data-e-type=\"widget\" data-widget_type=\"call-to-action.default\">\n\t\t\t\t<div class=\"elementor-widget-container\">\n\t\t\t\t\t\t\t<a class=\"elementor-cta\" href=\"https:\/\/www.assetmanagementacademy.com\/pt-br\/qualificacoes-e-cursos-iam\/fundacao-iam\/\">\n\t\t\t\t\t<div class=\"elementor-cta__bg-wrapper\">\n\t\t\t\t<div class=\"elementor-cta__bg elementor-bg\" style=\"background-image: url(https:\/\/www.assetmanagementacademy.com\/wp-content\/uploads\/sites\/6\/2021\/09\/0484_TWPL_Academy-Website-CTA-Banners_751x471-Foundation-v2.jpg);\" role=\"img\" aria-label=\"0484_TWPL_Academy Website CTA Banners_751x471 Foundation v2\"><\/div>\n\t\t\t\t<div class=\"elementor-cta__bg-overlay\"><\/div>\n\t\t\t<\/div>\n\t\t\t\t\t\t\t<div class=\"elementor-cta__content\">\n\t\t\t\t\n\t\t\t\t\t\t\t\t\t<h2 class=\"elementor-cta__title elementor-cta__content-item elementor-content-item\">\n\t\t\t\t\t\tIntrodu\u00e7\u00e3o a <br>Gest\u00e3o de ativos\t\t\t\t\t<\/h2>\n\t\t\t\t\n\t\t\t\t\n\t\t\t\t\t\t\t<\/div>\n\t\t\t\t\t\t<\/a>\n\t\t\t\t\t\t<\/div>\n\t\t\t\t<\/div>\n\t\t\t\t\t<\/div>\n\t\t<\/div>\n\t\t\t\t<div class=\"elementor-column elementor-col-33 elementor-top-column elementor-element elementor-element-5d98cdf\" data-id=\"5d98cdf\" data-element_type=\"column\" data-e-type=\"column\">\n\t\t\t<div class=\"elementor-widget-wrap elementor-element-populated\">\n\t\t\t\t\t\t<div class=\"elementor-element elementor-element-71cf4ac elementor-cta--skin-cover elementor-widget elementor-widget-call-to-action\" data-id=\"71cf4ac\" data-element_type=\"widget\" data-e-type=\"widget\" data-widget_type=\"call-to-action.default\">\n\t\t\t\t<div class=\"elementor-widget-container\">\n\t\t\t\t\t\t\t<a class=\"elementor-cta\" href=\"https:\/\/www.assetmanagementacademy.com\/pt-br\/essenciais-de-gerenciamento-de-ativos\/\">\n\t\t\t\t\t<div class=\"elementor-cta__bg-wrapper\">\n\t\t\t\t<div class=\"elementor-cta__bg elementor-bg\" style=\"background-image: url(https:\/\/www.assetmanagementacademy.com\/wp-content\/uploads\/sites\/6\/2021\/09\/0484_TWPL_Academy-Website-CTA-Banners_751x4716-Essentials-v2.jpg);\" role=\"img\" aria-label=\"0484_TWPL_Academy Website CTA Banners_751x4716 Essentials v2\"><\/div>\n\t\t\t\t<div class=\"elementor-cta__bg-overlay\"><\/div>\n\t\t\t<\/div>\n\t\t\t\t\t\t\t<div class=\"elementor-cta__content\">\n\t\t\t\t\n\t\t\t\t\t\t\t\t\t<h2 class=\"elementor-cta__title elementor-cta__content-item elementor-content-item\">\n\t\t\t\t\t\tESSENCIAIS DE Gerenciamento de Ativos\t\t\t\t\t<\/h2>\n\t\t\t\t\n\t\t\t\t\n\t\t\t\t\t\t\t<\/div>\n\t\t\t\t\t\t<\/a>\n\t\t\t\t\t\t<\/div>\n\t\t\t\t<\/div>\n\t\t\t\t\t<\/div>\n\t\t<\/div>\n\t\t\t\t\t<\/div>\n\t\t<\/section>\n\t\t\t\t<\/div>\n\t\t","protected":false},"excerpt":{"rendered":"<p>Coment\u00e1rios Temos o prazer de receber feedback de nossos participantes do curso e compartilh\u00e1-lo com voc\u00ea. MAR\u00c7O DE 2002 Bom dia Craig, Richard e Luc, Na sequ\u00eancia do meu estudo [&hellip;]<\/p>\n","protected":false},"author":2,"featured_media":0,"parent":0,"menu_order":0,"comment_status":"closed","ping_status":"closed","template":"","meta":{"_acf_changed":false,"_tec_requires_first_save":true,"om_disable_all_campaigns":false,"_price":"","_stock":"","_tribe_ticket_header":"","_tribe_default_ticket_provider":"","_tribe_ticket_capacity":"0","_ticket_start_date":"","_ticket_end_date":"","_tribe_ticket_show_description":"","_tribe_ticket_show_not_going":false,"_tribe_ticket_use_global_stock":"","_tribe_ticket_global_stock_level":"","_global_stock_mode":"","_global_stock_cap":"","_tribe_rsvp_for_event":"","_tribe_ticket_going_count":"","_tribe_ticket_not_going_count":"","_tribe_tickets_list":"[]","_tribe_ticket_has_attendee_info_fields":false,"_EventAllDay":false,"_EventTimezone":"","_EventStartDate":"","_EventEndDate":"","_EventStartDateUTC":"","_EventEndDateUTC":"","_EventShowMap":false,"_EventShowMapLink":false,"_EventURL":"","_EventCost":"","_EventCostDescription":"","_EventCurrencySymbol":"","_EventCurrencyCode":"","_EventCurrencyPosition":"","_EventDateTimeSeparator":"","_EventTimeRangeSeparator":"","_EventOrganizerID":[],"_EventVenueID":[],"_OrganizerEmail":"","_OrganizerPhone":"","_OrganizerWebsite":"","_VenueAddress":"","_VenueCity":"","_VenueCountry":"","_VenueProvince":"","_VenueState":"","_VenueZip":"","_VenuePhone":"","_VenueURL":"","_VenueStateProvince":"","_VenueLat":"","_VenueLng":"","_VenueShowMap":false,"_VenueShowMapLink":false,"_tribe_blocks_recurrence_rules":"","_tribe_blocks_recurrence_description":"","_tribe_blocks_recurrence_exclusions":"","footnotes":"","_tec_slr_enabled":"","_tec_slr_layout":""},"class_list":["post-1308","page","type-page","status-publish","hentry"],"acf":[],"yoast_head":"<!-- This site is optimized with the Yoast SEO Premium plugin v27.2 (Yoast SEO v27.2) - https:\/\/yoast.com\/product\/yoast-seo-premium-wordpress\/ -->\n<title>Coment\u00e1rios - Asset Management Academy<\/title>\n<meta name=\"robots\" content=\"index, follow, max-snippet:-1, max-image-preview:large, max-video-preview:-1\" \/>\n<link rel=\"canonical\" href=\"https:\/\/www.assetmanagementacademy.com\/pt-br\/comentarios\/\" \/>\n<meta property=\"og:locale\" content=\"pt_BR\" \/>\n<meta property=\"og:type\" content=\"article\" \/>\n<meta property=\"og:title\" content=\"Coment\u00e1rios\" \/>\n<meta property=\"og:description\" content=\"Coment\u00e1rios Temos o prazer de receber feedback de nossos participantes do curso e compartilh\u00e1-lo com voc\u00ea. MAR\u00c7O DE 2002 Bom dia Craig, Richard e Luc, Na sequ\u00eancia do meu estudo [&hellip;]\" \/>\n<meta property=\"og:url\" content=\"https:\/\/www.assetmanagementacademy.com\/pt-br\/comentarios\/\" \/>\n<meta property=\"og:site_name\" content=\"Asset Management Academy\" \/>\n<meta property=\"article:modified_time\" content=\"2022-04-01T12:36:48+00:00\" \/>\n<meta name=\"twitter:card\" content=\"summary_large_image\" \/>\n<meta name=\"twitter:label1\" content=\"Est. reading time\" \/>\n\t<meta name=\"twitter:data1\" content=\"2 minutos\" \/>\n<script type=\"application\/ld+json\" class=\"yoast-schema-graph\">{\"@context\":\"https:\/\/schema.org\",\"@graph\":[{\"@type\":\"WebPage\",\"@id\":\"https:\/\/www.assetmanagementacademy.com\/pt-br\/comentarios\/\",\"url\":\"https:\/\/www.assetmanagementacademy.com\/pt-br\/comentarios\/\",\"name\":\"Coment\u00e1rios - Asset Management Academy\",\"isPartOf\":{\"@id\":\"https:\/\/www.assetmanagementacademy.com\/pt-br\/#website\"},\"datePublished\":\"2022-03-29T13:10:06+00:00\",\"dateModified\":\"2022-04-01T12:36:48+00:00\",\"breadcrumb\":{\"@id\":\"https:\/\/www.assetmanagementacademy.com\/pt-br\/comentarios\/#breadcrumb\"},\"inLanguage\":\"pt-BR\",\"potentialAction\":[{\"@type\":\"ReadAction\",\"target\":[\"https:\/\/www.assetmanagementacademy.com\/pt-br\/comentarios\/\"]}]},{\"@type\":\"BreadcrumbList\",\"@id\":\"https:\/\/www.assetmanagementacademy.com\/pt-br\/comentarios\/#breadcrumb\",\"itemListElement\":[{\"@type\":\"ListItem\",\"position\":1,\"name\":\"Home\",\"item\":\"https:\/\/www.assetmanagementacademy.com\/pt-br\/\"},{\"@type\":\"ListItem\",\"position\":2,\"name\":\"Coment\u00e1rios\"}]},{\"@type\":\"WebSite\",\"@id\":\"https:\/\/www.assetmanagementacademy.com\/pt-br\/#website\",\"url\":\"https:\/\/www.assetmanagementacademy.com\/pt-br\/\",\"name\":\"Asset Management Academy\",\"description\":\"Asset Management Academy\",\"publisher\":{\"@id\":\"https:\/\/www.assetmanagementacademy.com\/pt-br\/#organization\"},\"potentialAction\":[{\"@type\":\"SearchAction\",\"target\":{\"@type\":\"EntryPoint\",\"urlTemplate\":\"https:\/\/www.assetmanagementacademy.com\/pt-br\/?s={search_term_string}\"},\"query-input\":{\"@type\":\"PropertyValueSpecification\",\"valueRequired\":true,\"valueName\":\"search_term_string\"}}],\"inLanguage\":\"pt-BR\"},{\"@type\":\"Organization\",\"@id\":\"https:\/\/www.assetmanagementacademy.com\/pt-br\/#organization\",\"name\":\"Asset Management Academy\",\"url\":\"https:\/\/www.assetmanagementacademy.com\/pt-br\/\",\"logo\":{\"@type\":\"ImageObject\",\"inLanguage\":\"pt-BR\",\"@id\":\"https:\/\/www.assetmanagementacademy.com\/pt-br\/#\/schema\/logo\/image\/\",\"url\":\"https:\/\/www.assetmanagementacademy.com\/wp-content\/uploads\/sites\/6\/2021\/09\/AMA-Logo-350x83-1.png\",\"contentUrl\":\"https:\/\/www.assetmanagementacademy.com\/wp-content\/uploads\/sites\/6\/2021\/09\/AMA-Logo-350x83-1.png\",\"width\":350,\"height\":83,\"caption\":\"Asset Management Academy\"},\"image\":{\"@id\":\"https:\/\/www.assetmanagementacademy.com\/pt-br\/#\/schema\/logo\/image\/\"}}]}<\/script>\n<!-- \/ Yoast SEO Premium plugin. -->","yoast_head_json":{"title":"Coment\u00e1rios - Asset Management Academy","robots":{"index":"index","follow":"follow","max-snippet":"max-snippet:-1","max-image-preview":"max-image-preview:large","max-video-preview":"max-video-preview:-1"},"canonical":"https:\/\/www.assetmanagementacademy.com\/pt-br\/comentarios\/","og_locale":"pt_BR","og_type":"article","og_title":"Coment\u00e1rios","og_description":"Coment\u00e1rios Temos o prazer de receber feedback de nossos participantes do curso e compartilh\u00e1-lo com voc\u00ea. MAR\u00c7O DE 2002 Bom dia Craig, Richard e Luc, Na sequ\u00eancia do meu estudo [&hellip;]","og_url":"https:\/\/www.assetmanagementacademy.com\/pt-br\/comentarios\/","og_site_name":"Asset Management Academy","article_modified_time":"2022-04-01T12:36:48+00:00","twitter_card":"summary_large_image","twitter_misc":{"Est. reading time":"2 minutos"},"schema":{"@context":"https:\/\/schema.org","@graph":[{"@type":"WebPage","@id":"https:\/\/www.assetmanagementacademy.com\/pt-br\/comentarios\/","url":"https:\/\/www.assetmanagementacademy.com\/pt-br\/comentarios\/","name":"Coment\u00e1rios - Asset Management Academy","isPartOf":{"@id":"https:\/\/www.assetmanagementacademy.com\/pt-br\/#website"},"datePublished":"2022-03-29T13:10:06+00:00","dateModified":"2022-04-01T12:36:48+00:00","breadcrumb":{"@id":"https:\/\/www.assetmanagementacademy.com\/pt-br\/comentarios\/#breadcrumb"},"inLanguage":"pt-BR","potentialAction":[{"@type":"ReadAction","target":["https:\/\/www.assetmanagementacademy.com\/pt-br\/comentarios\/"]}]},{"@type":"BreadcrumbList","@id":"https:\/\/www.assetmanagementacademy.com\/pt-br\/comentarios\/#breadcrumb","itemListElement":[{"@type":"ListItem","position":1,"name":"Home","item":"https:\/\/www.assetmanagementacademy.com\/pt-br\/"},{"@type":"ListItem","position":2,"name":"Coment\u00e1rios"}]},{"@type":"WebSite","@id":"https:\/\/www.assetmanagementacademy.com\/pt-br\/#website","url":"https:\/\/www.assetmanagementacademy.com\/pt-br\/","name":"Asset Management Academy","description":"Asset Management Academy","publisher":{"@id":"https:\/\/www.assetmanagementacademy.com\/pt-br\/#organization"},"potentialAction":[{"@type":"SearchAction","target":{"@type":"EntryPoint","urlTemplate":"https:\/\/www.assetmanagementacademy.com\/pt-br\/?s={search_term_string}"},"query-input":{"@type":"PropertyValueSpecification","valueRequired":true,"valueName":"search_term_string"}}],"inLanguage":"pt-BR"},{"@type":"Organization","@id":"https:\/\/www.assetmanagementacademy.com\/pt-br\/#organization","name":"Asset Management Academy","url":"https:\/\/www.assetmanagementacademy.com\/pt-br\/","logo":{"@type":"ImageObject","inLanguage":"pt-BR","@id":"https:\/\/www.assetmanagementacademy.com\/pt-br\/#\/schema\/logo\/image\/","url":"https:\/\/www.assetmanagementacademy.com\/wp-content\/uploads\/sites\/6\/2021\/09\/AMA-Logo-350x83-1.png","contentUrl":"https:\/\/www.assetmanagementacademy.com\/wp-content\/uploads\/sites\/6\/2021\/09\/AMA-Logo-350x83-1.png","width":350,"height":83,"caption":"Asset Management Academy"},"image":{"@id":"https:\/\/www.assetmanagementacademy.com\/pt-br\/#\/schema\/logo\/image\/"}}]}},"ticketed":false,"_links":{"self":[{"href":"https:\/\/www.assetmanagementacademy.com\/pt-br\/wp-json\/wp\/v2\/pages\/1308","targetHints":{"allow":["GET"]}}],"collection":[{"href":"https:\/\/www.assetmanagementacademy.com\/pt-br\/wp-json\/wp\/v2\/pages"}],"about":[{"href":"https:\/\/www.assetmanagementacademy.com\/pt-br\/wp-json\/wp\/v2\/types\/page"}],"author":[{"embeddable":true,"href":"https:\/\/www.assetmanagementacademy.com\/pt-br\/wp-json\/wp\/v2\/users\/2"}],"replies":[{"embeddable":true,"href":"https:\/\/www.assetmanagementacademy.com\/pt-br\/wp-json\/wp\/v2\/comments?post=1308"}],"version-history":[{"count":0,"href":"https:\/\/www.assetmanagementacademy.com\/pt-br\/wp-json\/wp\/v2\/pages\/1308\/revisions"}],"wp:attachment":[{"href":"https:\/\/www.assetmanagementacademy.com\/pt-br\/wp-json\/wp\/v2\/media?parent=1308"}],"curies":[{"name":"wp","href":"https:\/\/api.w.org\/{rel}","templated":true}]}}