{"id":810,"date":"2021-11-15T10:43:52","date_gmt":"2021-11-15T10:43:52","guid":{"rendered":"https:\/\/twplama.twplguk.wpengine.com\/mapa-do-site\/"},"modified":"2021-12-06T14:55:54","modified_gmt":"2021-12-06T14:55:54","slug":"mapa-do-site","status":"publish","type":"page","link":"https:\/\/www.assetmanagementacademy.com\/pt-br\/mapa-do-site\/","title":{"rendered":"Mapa do site"},"content":{"rendered":"\t\t<div data-elementor-type=\"wp-page\" data-elementor-id=\"810\" class=\"elementor elementor-810 elementor-723\" data-elementor-post-type=\"page\">\n\t\t\t\t\t\t<section class=\"elementor-section elementor-top-section elementor-element elementor-element-c632a18 elementor-section-boxed elementor-section-height-default elementor-section-height-default\" data-id=\"c632a18\" data-element_type=\"section\" data-e-type=\"section\">\n\t\t\t\t\t\t<div class=\"elementor-container elementor-column-gap-default\">\n\t\t\t\t\t<div class=\"elementor-column elementor-col-100 elementor-top-column elementor-element elementor-element-90ef82d\" data-id=\"90ef82d\" data-element_type=\"column\" data-e-type=\"column\">\n\t\t\t<div class=\"elementor-widget-wrap elementor-element-populated\">\n\t\t\t\t\t\t<div class=\"elementor-element elementor-element-5c7dd41 elementor-widget elementor-widget-sitemap\" data-id=\"5c7dd41\" data-element_type=\"widget\" data-e-type=\"widget\" data-widget_type=\"sitemap.default\">\n\t\t\t\t<div class=\"elementor-widget-container\">\n\t\t\t\t\t<div class=\"elementor-sitemap-wrap\"><div class=\"elementor-sitemap-section\"><h2 class=\"elementor-sitemap-title elementor-sitemap-page-title\">Pages<\/h2><ul class=\"elementor-sitemap-list elementor-sitemap-page-list\"><li class=\"elementor-sitemap-item elementor-sitemap-item-page page_item page-item-3485\"><a href=\"https:\/\/www.assetmanagementacademy.com\/pt-br\/aprendizagens\/\">Aprendizagens<\/a><\/li><li class=\"elementor-sitemap-item elementor-sitemap-item-page page_item page-item-3490\"><a href=\"https:\/\/www.assetmanagementacademy.com\/pt-br\/buscando-excelencia\/\">Buscando Excel\u00eancia<\/a><\/li><li class=\"elementor-sitemap-item elementor-sitemap-item-page page_item page-item-325\"><a href=\"https:\/\/www.assetmanagementacademy.com\/pt-br\/carrinho\/\">Carrinho<\/a><\/li><li class=\"elementor-sitemap-item elementor-sitemap-item-page page_item page-item-914\"><a href=\"https:\/\/www.assetmanagementacademy.com\/pt-br\/\">Casa<\/a><\/li><li class=\"elementor-sitemap-item elementor-sitemap-item-page page_item page-item-1308\"><a href=\"https:\/\/www.assetmanagementacademy.com\/pt-br\/comentarios\/\">Coment\u00e1rios<\/a><\/li><li class=\"elementor-sitemap-item elementor-sitemap-item-page page_item page-item-324\"><a href=\"https:\/\/www.assetmanagementacademy.com\/pt-br\/loja\/\">Comprar<\/a><\/li><li class=\"elementor-sitemap-item elementor-sitemap-item-page page_item page-item-3492\"><a href=\"https:\/\/www.assetmanagementacademy.com\/pt-br\/comprar\/\">Comprar<\/a><\/li><li class=\"elementor-sitemap-item elementor-sitemap-item-page page_item page-item-326\"><a href=\"https:\/\/www.assetmanagementacademy.com\/pt-br\/concluir\/\">Confira<\/a><\/li><li class=\"elementor-sitemap-item elementor-sitemap-item-page page_item page-item-878\"><a href=\"https:\/\/www.assetmanagementacademy.com\/pt-br\/contate-nos\/\">Contate-Nos<\/a><\/li><li class=\"elementor-sitemap-item elementor-sitemap-item-page page_item page-item-885\"><a href=\"https:\/\/www.assetmanagementacademy.com\/pt-br\/cursos-e-programas-de-assuntos-especificos\/\">Cursos e programas de assuntos espec\u00edficos<\/a><\/li><li class=\"elementor-sitemap-item elementor-sitemap-item-page page_item page-item-879\"><a href=\"https:\/\/www.assetmanagementacademy.com\/pt-br\/desafio-de-gestao-de-ativos\/\">Desafio de Gest\u00e3o de Ativos<\/a><\/li><li class=\"elementor-sitemap-item elementor-sitemap-item-page page_item page-item-882\"><a href=\"https:\/\/www.assetmanagementacademy.com\/pt-br\/diferentes-pontos-de-partida-diferentes-desafios-e-prioridades\/\">Diferentes pontos de partida, diferentes desafios e prioridades<\/a><\/li><li class=\"elementor-sitemap-item elementor-sitemap-item-page page_item page-item-887\"><a href=\"https:\/\/www.assetmanagementacademy.com\/pt-br\/elearning\/\">eLearning<\/a><\/li><li class=\"elementor-sitemap-item elementor-sitemap-item-page page_item page-item-904\"><a href=\"https:\/\/www.assetmanagementacademy.com\/pt-br\/essenciais-de-gerenciamento-de-ativos\/\">ESSENCIAIS DE Gerenciamento de Ativos<\/a><\/li><li class=\"elementor-sitemap-item elementor-sitemap-item-page page_item page-item-810\"><a href=\"https:\/\/www.assetmanagementacademy.com\/pt-br\/mapa-do-site\/\">Mapa do site<\/a><\/li><li class=\"elementor-sitemap-item elementor-sitemap-item-page page_item page-item-866\"><a href=\"https:\/\/www.assetmanagementacademy.com\/pt-br\/masterclass-de-gerenciamento-de-ativos\/\">Masterclass de gerenciamento de ativos<\/a><\/li><li class=\"elementor-sitemap-item elementor-sitemap-item-page page_item page-item-327\"><a href=\"https:\/\/www.assetmanagementacademy.com\/pt-br\/minha-conta\/\">Minha Conta<\/a><\/li><li class=\"elementor-sitemap-item elementor-sitemap-item-page page_item page-item-2248\"><a href=\"https:\/\/www.assetmanagementacademy.com\/pt-br\/special-offers\/\">Ofertas especiais<\/a><\/li><li class=\"elementor-sitemap-item elementor-sitemap-item-page page_item page-item-749\"><a href=\"https:\/\/www.assetmanagementacademy.com\/pt-br\/attendees\/\">Participantes<\/a><\/li><li class=\"elementor-sitemap-item elementor-sitemap-item-page page_item page-item-1104\"><a href=\"https:\/\/www.assetmanagementacademy.com\/pt-br\/politica-de-compra-e-cancelamento\/\">Pol\u00edtica de Compra e Cancelamento<\/a><\/li><li class=\"elementor-sitemap-item elementor-sitemap-item-page page_item page-item-865\"><a href=\"https:\/\/www.assetmanagementacademy.com\/pt-br\/qualificacoes-e-cursos-iam\/\">Qualifica\u00e7\u00f5es e Cursos IAM<\/a><ul class='children'><li class=\"elementor-sitemap-item elementor-sitemap-item-page page_item page-item-901\"><a href=\"https:\/\/www.assetmanagementacademy.com\/pt-br\/qualificacoes-e-cursos-iam\/certificado-iam\/\">Certificado IAM<\/a><\/li><li class=\"elementor-sitemap-item elementor-sitemap-item-page page_item page-item-3489\"><a href=\"https:\/\/www.assetmanagementacademy.com\/pt-br\/qualificacoes-e-cursos-iam\/certificado-iam-curso-de-revisao-compacto\/\">Certificado IAM &#8211; Curso de revis\u00e3o compacto<\/a><\/li><li class=\"elementor-sitemap-item elementor-sitemap-item-page page_item page-item-2555\"><a href=\"https:\/\/www.assetmanagementacademy.com\/pt-br\/qualificacoes-e-cursos-iam\/curso-de-revisao-compacto-gratuito\/\">Curso de Revis\u00e3o Compacto Gratuito<\/a><\/li><li class=\"elementor-sitemap-item elementor-sitemap-item-page page_item page-item-862\"><a href=\"https:\/\/www.assetmanagementacademy.com\/pt-br\/qualificacoes-e-cursos-iam\/cursos-de-conversao\/\">Cursos de Convers\u00e3o<\/a><\/li><li class=\"elementor-sitemap-item elementor-sitemap-item-page page_item page-item-897\"><a href=\"https:\/\/www.assetmanagementacademy.com\/pt-br\/qualificacoes-e-cursos-iam\/desenvolvimento-e-manutencao-de-um-plano-estrategico-de-gerenciamento-de-ativos-samp\/\">Desenvolvimento e manuten\u00e7\u00e3o de um plano estrat\u00e9gico de gerenciamento de ativos (SAMP)<\/a><\/li><li class=\"elementor-sitemap-item elementor-sitemap-item-page page_item page-item-869\"><a href=\"https:\/\/www.assetmanagementacademy.com\/pt-br\/qualificacoes-e-cursos-iam\/diploma-iam\/\">Diploma IAM<\/a><\/li><li class=\"elementor-sitemap-item elementor-sitemap-item-page page_item page-item-1310\"><a href=\"https:\/\/www.assetmanagementacademy.com\/pt-br\/qualificacoes-e-cursos-iam\/fechamento-de-lacunas-iso-55001-e-desenvolvimento-de-um-sistema-de-gerenciamento-de-ativos\/\">Fechamento de lacunas ISO 55001 e desenvolvimento de um sistema de gerenciamento de ativos<\/a><\/li><li class=\"elementor-sitemap-item elementor-sitemap-item-page page_item page-item-3488\"><a href=\"https:\/\/www.assetmanagementacademy.com\/pt-br\/qualificacoes-e-cursos-iam\/fundacao-gratuita\/\">Funda\u00e7\u00e3o gratuita<\/a><\/li><li class=\"elementor-sitemap-item elementor-sitemap-item-page page_item page-item-909\"><a href=\"https:\/\/www.assetmanagementacademy.com\/pt-br\/qualificacoes-e-cursos-iam\/fundacao-iam\/\">Funda\u00e7\u00e3o IAM<\/a><\/li><li class=\"elementor-sitemap-item elementor-sitemap-item-page page_item page-item-1134\"><a href=\"https:\/\/www.assetmanagementacademy.com\/pt-br\/qualificacoes-e-cursos-iam\/liquidacao-de-janeiro\/\">Madrugador<\/a><\/li><\/ul><\/li><li class=\"elementor-sitemap-item elementor-sitemap-item-page page_item page-item-906\"><a href=\"https:\/\/www.assetmanagementacademy.com\/pt-br\/servicos-corporativos\/\">Servi\u00e7os corporativos<\/a><\/li><li class=\"elementor-sitemap-item elementor-sitemap-item-page page_item page-item-905\"><a href=\"https:\/\/www.assetmanagementacademy.com\/pt-br\/sobre-nos\/\">Sobre n\u00f3s<\/a><\/li><li class=\"elementor-sitemap-item elementor-sitemap-item-page page_item page-item-812\"><a href=\"https:\/\/www.assetmanagementacademy.com\/pt-br\/termos-de-uso\/\">Termos de uso<\/a><\/li><li class=\"elementor-sitemap-item elementor-sitemap-item-page page_item page-item-1312\"><a href=\"https:\/\/www.assetmanagementacademy.com\/pt-br\/tomada-de-decisao-baseada-em-valor-otimizada\/\">Tomada de decis\u00e3o baseada em valor otimizada<\/a><\/li><li class=\"elementor-sitemap-item elementor-sitemap-item-page page_item page-item-891\"><a href=\"https:\/\/www.assetmanagementacademy.com\/pt-br\/treinamento-em-software-de-ferramentas-de-suporte-a-decisao-dst\/\">Treinamento em Software de Ferramentas de Suporte \u00e0 Decis\u00e3o (DST)<\/a><\/li><li class=\"elementor-sitemap-item elementor-sitemap-item-page page_item page-item-3486\"><a href=\"https:\/\/www.assetmanagementacademy.com\/pt-br\/workshop-alem-da-competencia\/\">Workshop Al\u00e9m da Compet\u00eancia<\/a><\/li><\/ul><\/div><\/div>\t\t\t\t<\/div>\n\t\t\t\t<\/div>\n\t\t\t\t\t<\/div>\n\t\t<\/div>\n\t\t\t\t\t<\/div>\n\t\t<\/section>\n\t\t\t\t<\/div>\n\t\t","protected":false},"excerpt":{"rendered":"","protected":false},"author":1,"featured_media":0,"parent":0,"menu_order":0,"comment_status":"closed","ping_status":"closed","template":"","meta":{"_acf_changed":false,"_tec_requires_first_save":true,"om_disable_all_campaigns":false,"_price":"","_stock":"","_tribe_ticket_header":"","_tribe_default_ticket_provider":"","_tribe_ticket_capacity":"0","_ticket_start_date":"","_ticket_end_date":"","_tribe_ticket_show_description":"","_tribe_ticket_show_not_going":false,"_tribe_ticket_use_global_stock":"","_tribe_ticket_global_stock_level":"","_global_stock_mode":"","_global_stock_cap":"","_tribe_rsvp_for_event":"","_tribe_ticket_going_count":"","_tribe_ticket_not_going_count":"","_tribe_tickets_list":"[]","_tribe_ticket_has_attendee_info_fields":false,"_EventAllDay":false,"_EventTimezone":"","_EventStartDate":"","_EventEndDate":"","_EventStartDateUTC":"","_EventEndDateUTC":"","_EventShowMap":false,"_EventShowMapLink":false,"_EventURL":"","_EventCost":"","_EventCostDescription":"","_EventCurrencySymbol":"","_EventCurrencyCode":"","_EventCurrencyPosition":"","_EventDateTimeSeparator":"","_EventTimeRangeSeparator":"","_EventOrganizerID":[],"_EventVenueID":[],"_OrganizerEmail":"","_OrganizerPhone":"","_OrganizerWebsite":"","_VenueAddress":"","_VenueCity":"","_VenueCountry":"","_VenueProvince":"","_VenueState":"","_VenueZip":"","_VenuePhone":"","_VenueURL":"","_VenueStateProvince":"","_VenueLat":"","_VenueLng":"","_VenueShowMap":false,"_VenueShowMapLink":false,"_tribe_blocks_recurrence_rules":"","_tribe_blocks_recurrence_description":"","_tribe_blocks_recurrence_exclusions":"","footnotes":"","_tec_slr_enabled":"","_tec_slr_layout":""},"class_list":["post-810","page","type-page","status-publish","hentry"],"acf":[],"yoast_head":"<!-- This site is optimized with the Yoast SEO Premium plugin v27.2 (Yoast SEO v27.5) - https:\/\/yoast.com\/product\/yoast-seo-premium-wordpress\/ -->\n<title>Mapa do site - Asset Management Academy<\/title>\n<meta name=\"robots\" content=\"index, follow, max-snippet:-1, max-image-preview:large, max-video-preview:-1\" \/>\n<link rel=\"canonical\" href=\"https:\/\/www.assetmanagementacademy.com\/pt-br\/mapa-do-site\/\" \/>\n<meta property=\"og:locale\" content=\"pt_BR\" \/>\n<meta property=\"og:type\" content=\"article\" \/>\n<meta property=\"og:title\" content=\"Mapa do site\" \/>\n<meta property=\"og:url\" content=\"https:\/\/www.assetmanagementacademy.com\/pt-br\/mapa-do-site\/\" \/>\n<meta property=\"og:site_name\" content=\"Asset Management Academy\" \/>\n<meta property=\"article:modified_time\" content=\"2021-12-06T14:55:54+00:00\" \/>\n<meta name=\"twitter:card\" content=\"summary_large_image\" \/>\n<script type=\"application\/ld+json\" class=\"yoast-schema-graph\">{\"@context\":\"https:\\\/\\\/schema.org\",\"@graph\":[{\"@type\":\"WebPage\",\"@id\":\"https:\\\/\\\/www.assetmanagementacademy.com\\\/pt-br\\\/mapa-do-site\\\/\",\"url\":\"https:\\\/\\\/www.assetmanagementacademy.com\\\/pt-br\\\/mapa-do-site\\\/\",\"name\":\"Mapa do site - Asset Management Academy\",\"isPartOf\":{\"@id\":\"https:\\\/\\\/www.assetmanagementacademy.com\\\/pt-br\\\/#website\"},\"datePublished\":\"2021-11-15T10:43:52+00:00\",\"dateModified\":\"2021-12-06T14:55:54+00:00\",\"breadcrumb\":{\"@id\":\"https:\\\/\\\/www.assetmanagementacademy.com\\\/pt-br\\\/mapa-do-site\\\/#breadcrumb\"},\"inLanguage\":\"pt-BR\",\"potentialAction\":[{\"@type\":\"ReadAction\",\"target\":[\"https:\\\/\\\/www.assetmanagementacademy.com\\\/pt-br\\\/mapa-do-site\\\/\"]}]},{\"@type\":\"BreadcrumbList\",\"@id\":\"https:\\\/\\\/www.assetmanagementacademy.com\\\/pt-br\\\/mapa-do-site\\\/#breadcrumb\",\"itemListElement\":[{\"@type\":\"ListItem\",\"position\":1,\"name\":\"Home\",\"item\":\"https:\\\/\\\/www.assetmanagementacademy.com\\\/pt-br\\\/\"},{\"@type\":\"ListItem\",\"position\":2,\"name\":\"Mapa do site\"}]},{\"@type\":\"WebSite\",\"@id\":\"https:\\\/\\\/www.assetmanagementacademy.com\\\/pt-br\\\/#website\",\"url\":\"https:\\\/\\\/www.assetmanagementacademy.com\\\/pt-br\\\/\",\"name\":\"Asset Management Academy\",\"description\":\"Asset Management Academy\",\"publisher\":{\"@id\":\"https:\\\/\\\/www.assetmanagementacademy.com\\\/pt-br\\\/#organization\"},\"potentialAction\":[{\"@type\":\"SearchAction\",\"target\":{\"@type\":\"EntryPoint\",\"urlTemplate\":\"https:\\\/\\\/www.assetmanagementacademy.com\\\/pt-br\\\/?s={search_term_string}\"},\"query-input\":{\"@type\":\"PropertyValueSpecification\",\"valueRequired\":true,\"valueName\":\"search_term_string\"}}],\"inLanguage\":\"pt-BR\"},{\"@type\":\"Organization\",\"@id\":\"https:\\\/\\\/www.assetmanagementacademy.com\\\/pt-br\\\/#organization\",\"name\":\"Asset Management Academy\",\"url\":\"https:\\\/\\\/www.assetmanagementacademy.com\\\/pt-br\\\/\",\"logo\":{\"@type\":\"ImageObject\",\"inLanguage\":\"pt-BR\",\"@id\":\"https:\\\/\\\/www.assetmanagementacademy.com\\\/pt-br\\\/#\\\/schema\\\/logo\\\/image\\\/\",\"url\":\"https:\\\/\\\/www.assetmanagementacademy.com\\\/wp-content\\\/uploads\\\/sites\\\/6\\\/2021\\\/09\\\/AMA-Logo-350x83-1.png\",\"contentUrl\":\"https:\\\/\\\/www.assetmanagementacademy.com\\\/wp-content\\\/uploads\\\/sites\\\/6\\\/2021\\\/09\\\/AMA-Logo-350x83-1.png\",\"width\":350,\"height\":83,\"caption\":\"Asset Management Academy\"},\"image\":{\"@id\":\"https:\\\/\\\/www.assetmanagementacademy.com\\\/pt-br\\\/#\\\/schema\\\/logo\\\/image\\\/\"}}]}<\/script>\n<!-- \/ Yoast SEO Premium plugin. -->","yoast_head_json":{"title":"Mapa do site - Asset Management Academy","robots":{"index":"index","follow":"follow","max-snippet":"max-snippet:-1","max-image-preview":"max-image-preview:large","max-video-preview":"max-video-preview:-1"},"canonical":"https:\/\/www.assetmanagementacademy.com\/pt-br\/mapa-do-site\/","og_locale":"pt_BR","og_type":"article","og_title":"Mapa do site","og_url":"https:\/\/www.assetmanagementacademy.com\/pt-br\/mapa-do-site\/","og_site_name":"Asset Management Academy","article_modified_time":"2021-12-06T14:55:54+00:00","twitter_card":"summary_large_image","schema":{"@context":"https:\/\/schema.org","@graph":[{"@type":"WebPage","@id":"https:\/\/www.assetmanagementacademy.com\/pt-br\/mapa-do-site\/","url":"https:\/\/www.assetmanagementacademy.com\/pt-br\/mapa-do-site\/","name":"Mapa do site - Asset Management Academy","isPartOf":{"@id":"https:\/\/www.assetmanagementacademy.com\/pt-br\/#website"},"datePublished":"2021-11-15T10:43:52+00:00","dateModified":"2021-12-06T14:55:54+00:00","breadcrumb":{"@id":"https:\/\/www.assetmanagementacademy.com\/pt-br\/mapa-do-site\/#breadcrumb"},"inLanguage":"pt-BR","potentialAction":[{"@type":"ReadAction","target":["https:\/\/www.assetmanagementacademy.com\/pt-br\/mapa-do-site\/"]}]},{"@type":"BreadcrumbList","@id":"https:\/\/www.assetmanagementacademy.com\/pt-br\/mapa-do-site\/#breadcrumb","itemListElement":[{"@type":"ListItem","position":1,"name":"Home","item":"https:\/\/www.assetmanagementacademy.com\/pt-br\/"},{"@type":"ListItem","position":2,"name":"Mapa do site"}]},{"@type":"WebSite","@id":"https:\/\/www.assetmanagementacademy.com\/pt-br\/#website","url":"https:\/\/www.assetmanagementacademy.com\/pt-br\/","name":"Asset Management Academy","description":"Asset Management Academy","publisher":{"@id":"https:\/\/www.assetmanagementacademy.com\/pt-br\/#organization"},"potentialAction":[{"@type":"SearchAction","target":{"@type":"EntryPoint","urlTemplate":"https:\/\/www.assetmanagementacademy.com\/pt-br\/?s={search_term_string}"},"query-input":{"@type":"PropertyValueSpecification","valueRequired":true,"valueName":"search_term_string"}}],"inLanguage":"pt-BR"},{"@type":"Organization","@id":"https:\/\/www.assetmanagementacademy.com\/pt-br\/#organization","name":"Asset Management Academy","url":"https:\/\/www.assetmanagementacademy.com\/pt-br\/","logo":{"@type":"ImageObject","inLanguage":"pt-BR","@id":"https:\/\/www.assetmanagementacademy.com\/pt-br\/#\/schema\/logo\/image\/","url":"https:\/\/www.assetmanagementacademy.com\/wp-content\/uploads\/sites\/6\/2021\/09\/AMA-Logo-350x83-1.png","contentUrl":"https:\/\/www.assetmanagementacademy.com\/wp-content\/uploads\/sites\/6\/2021\/09\/AMA-Logo-350x83-1.png","width":350,"height":83,"caption":"Asset Management Academy"},"image":{"@id":"https:\/\/www.assetmanagementacademy.com\/pt-br\/#\/schema\/logo\/image\/"}}]}},"ticketed":false,"_links":{"self":[{"href":"https:\/\/www.assetmanagementacademy.com\/pt-br\/wp-json\/wp\/v2\/pages\/810","targetHints":{"allow":["GET"]}}],"collection":[{"href":"https:\/\/www.assetmanagementacademy.com\/pt-br\/wp-json\/wp\/v2\/pages"}],"about":[{"href":"https:\/\/www.assetmanagementacademy.com\/pt-br\/wp-json\/wp\/v2\/types\/page"}],"author":[{"embeddable":true,"href":"https:\/\/www.assetmanagementacademy.com\/pt-br\/wp-json\/wp\/v2\/users\/1"}],"replies":[{"embeddable":true,"href":"https:\/\/www.assetmanagementacademy.com\/pt-br\/wp-json\/wp\/v2\/comments?post=810"}],"version-history":[{"count":0,"href":"https:\/\/www.assetmanagementacademy.com\/pt-br\/wp-json\/wp\/v2\/pages\/810\/revisions"}],"wp:attachment":[{"href":"https:\/\/www.assetmanagementacademy.com\/pt-br\/wp-json\/wp\/v2\/media?parent=810"}],"curies":[{"name":"wp","href":"https:\/\/api.w.org\/{rel}","templated":true}]}}