{"id":870,"date":"2021-11-10T14:24:23","date_gmt":"2021-11-10T14:24:23","guid":{"rendered":"https:\/\/twplama.twplguk.wpengine.com\/comparecer\/"},"modified":"2021-12-07T09:38:17","modified_gmt":"2021-12-07T09:38:17","slug":"comparecer","status":"publish","type":"page","link":"https:\/\/www.assetmanagementacademy.com\/pt-br\/comparecer\/","title":{"rendered":"comparecer"},"content":{"rendered":"\t\t<div data-elementor-type=\"wp-page\" data-elementor-id=\"870\" class=\"elementor elementor-870 elementor-696\" data-elementor-post-type=\"page\">\n\t\t\t\t\t\t<section class=\"elementor-section elementor-top-section elementor-element elementor-element-dc8114a elementor-section-height-min-height elementor-section-boxed elementor-section-height-default elementor-section-items-middle\" data-id=\"dc8114a\" data-element_type=\"section\" data-e-type=\"section\">\n\t\t\t\t\t\t<div class=\"elementor-container elementor-column-gap-default\">\n\t\t\t\t\t<div class=\"elementor-column elementor-col-100 elementor-top-column elementor-element elementor-element-978d706\" data-id=\"978d706\" data-element_type=\"column\" data-e-type=\"column\">\n\t\t\t<div class=\"elementor-widget-wrap elementor-element-populated\">\n\t\t\t\t\t\t<div class=\"elementor-element elementor-element-7d59aa0 elementor-widget elementor-widget-shortcode\" data-id=\"7d59aa0\" data-element_type=\"widget\" data-e-type=\"widget\" data-widget_type=\"shortcode.default\">\n\t\t\t\t<div class=\"elementor-widget-container\">\n\t\t\t\t\t\t\t<div class=\"elementor-shortcode\"><div\n\t class=\"tribe-common event-tickets tribe-tickets__registration\" \tdata-provider=\"tribe_wooticket\"\n>\n\t\n\t<div class=\"tribe-common-h8 tribe-common-h--alt tribe-tickets__registration-actions\">\n\t\t<a\n\thref=\"https:\/\/www.assetmanagementacademy.com\/pt-br\/carrinho\/\"\n\tclass=\"tribe-tickets__registration-back-to-cart\"\n>Voltar ao carrinho<\/a>\n\t<\/div>\n\n\t<script\n\ttype=\"text\/template\"\n\tid=\"tmpl-tribe-tickets__iac-unique-name-error-template\"\n\tclass=\"tribe-tickets__iac-unique-name-error-template\"\n>\n\t<div class=\"tribe-tickets__form-field-input-helper tribe-tickets__form-field-input-helper--error\">\n\t\tO nome do convidado n\u00e3o pode ser repetido.\t<\/div>\n<\/script>\n<script\n\ttype=\"text\/template\"\n\tid=\"tmpl-tribe-tickets__iac-unique-email-error-template\"\n\tclass=\"tribe-tickets__iac-unique-email-error-template\"\n>\n\t<div class=\"tribe-tickets__form-field-input-helper tribe-tickets__form-field-input-helper--error\">\n\t\tO e-mail do convidado n\u00e3o pode ser repetido.\t<\/div>\n<\/script>\n\n<h1 class=\"tribe-common-h2 tribe-common-h1--min-medium tribe-common-h--alt tribe-tickets__registration-page-title\">\n\tRegistro de participantes<\/h1>\n\t<form\n\t\tmethod=\"post\"\n\t\tid=\"tribe-tickets__registration-form\"\n\t\taction=\"https:\/\/www.assetmanagementacademy.com\/pt-br\/concluir\/\"\n\t\tdata-provider=\"tribe_wooticket\"\n\t\tnovalidate\n\t>\n\t\t<div class=\"tribe-tickets__registration-grid\">\n\n\t\t\t<div id=\"tribe-tickets__notice__attendee-registration\"  class=\"tribe-tickets__notice tribe-tickets__notice--error tribe-tickets__validation-notice\" >\n\t\n\t<div  class=\"tribe-common-b2 tribe-tickets-notice__content\" >\n\t\tVoc\u00ea tem <span class=\"tribe-tickets__notice--error__count\">1<\/span> ingresso(s) com um campo obrigat\u00f3rio.\t<\/div>\n<\/div>\n<aside\n\t class=\"tribe-common event-tickets tribe-tickets__mini-cart\" \tid=\"tribe-tickets__mini-cart\"\n\tdata-provider=\"Tribe__Tickets_Plus__Commerce__WooCommerce__Main\"\n>\n\t\n<h3 class=\"tribe-common-h6 tribe-common-h5--min-medium tribe-common-h--alt tribe-tickets__mini-cart-title\">\n\tResumo do Ingresso<\/h3>\n\n<div class=\"tribe-tickets__tickets-footer\">\n\n\t<a class=\"tribe-common-b2 tribe-tickets__tickets-footer-back-link\" href=\"https:\/\/www.assetmanagementacademy.com\/pt-br\/carrinho\/\">\n\tRetornar ao carrinho<\/a>\n\n\t<div class=\"tribe-common-b2 tribe-tickets__tickets-footer-quantity\">\n\t<span class=\"tribe-tickets__tickets-footer-quantity-label\">\n\t\tQuantidade:\t<\/span>\n\t<span class=\"tribe-tickets__tickets-footer-quantity-number\">0<\/span>\n<\/div>\n\n\t<div class=\"tribe-common-b2 tribe-tickets__tickets-footer-total\">\n\t<span class=\"tribe-tickets__tickets-footer-total-label\">\n\t\tTotal:\t<\/span>\n\t<span class=\"tribe-tickets__tickets-footer-total-wrap\">\n\t\t\n\t\t\t\t<span class=\"tribe-formatted-currency-wrap tribe-currency-prefix\">\n\t\t\t\t\t<span class=\"tribe-currency-symbol\">&pound;<\/span>\n\t\t\t\t\t<span class=\"tribe-amount\">0.00<\/span>\n\t\t\t\t<\/span>\n\t\t\t\t<\/span>\n<\/div>\n\n\t\n<\/div>\n<\/aside>\n\n\t\t\t<div class=\"tribe-tickets__registration-content\">\n\t\t\t\t<input type=\"hidden\" name=\"tribe_tickets_saving_attendees\" value=\"1\" \/>\n\t\t\t\t<input type=\"hidden\" name=\"tribe_tickets_ar\" value=\"1\" \/>\n\t\t\t\t<input type=\"hidden\" name=\"tribe_tickets_ar_page\" value=\"1\" \/>\n\t\t\t\t<input type=\"hidden\" name=\"tribe_tickets_ar_data\" value=\"\" id=\"tribe_tickets_ar_data\" \/>\n\t\t\t\t<input type=\"hidden\" name=\"tribe_tickets_provider\" value=\"tribe_wooticket\" \/>\n\n\t\t\t\t\t\t\t<\/div>\n\t\t<\/div>\n\n\t\t<div class=\"tribe-tickets__registration-footer\">\n\t<div id=\"tribe-tickets__notice__attendee-registration\"  class=\"tribe-tickets__notice tribe-tickets__notice--non-ar tribe-common-a11y-hidden\" >\n\t\n\t<div  class=\"tribe-common-b2 tribe-tickets-notice__content\" >\n\t\tH\u00e1 <span id=\"tribe-tickets__non-ar-count\">0<\/span> ingressos no seu carrinho que n\u00e3o exigem informa\u00e7\u00e3o do participante.\t<\/div>\n<\/div>\n<button\n\tclass=\"tribe-common-c-btn tribe-common-c-btn--small tribe-tickets__registration-submit\"\n\ttype=\"submit\"\n>\n\tSalvar e Finalizar<\/button>\n<\/div>\n\n\t<\/form>\n\t<div  class=\"tribe-tickets-loader__dots tribe-common-c-loader tribe-common-a11y-hidden\" >\n\t<svg\n\t class=\"tribe-common-c-svgicon tribe-common-c-svgicon--dot tribe-common-c-loader__dot tribe-common-c-loader__dot--first\" \taria-hidden=\"true\"\n\tviewBox=\"0 0 15 15\"\n\txmlns=\"http:\/\/www.w3.org\/2000\/svg\"\n>\n\t<circle cx=\"7.5\" cy=\"7.5\" r=\"7.5\"\/>\n<\/svg>\n\t<svg\n\t class=\"tribe-common-c-svgicon tribe-common-c-svgicon--dot tribe-common-c-loader__dot tribe-common-c-loader__dot--second\" \taria-hidden=\"true\"\n\tviewBox=\"0 0 15 15\"\n\txmlns=\"http:\/\/www.w3.org\/2000\/svg\"\n>\n\t<circle cx=\"7.5\" cy=\"7.5\" r=\"7.5\"\/>\n<\/svg>\n\t<svg\n\t class=\"tribe-common-c-svgicon tribe-common-c-svgicon--dot tribe-common-c-loader__dot tribe-common-c-loader__dot--third\" \taria-hidden=\"true\"\n\tviewBox=\"0 0 15 15\"\n\txmlns=\"http:\/\/www.w3.org\/2000\/svg\"\n>\n\t<circle cx=\"7.5\" cy=\"7.5\" r=\"7.5\"\/>\n<\/svg>\n<\/div>\n<\/div>\n<\/div>\n\t\t\t\t\t\t<\/div>\n\t\t\t\t<\/div>\n\t\t\t\t\t<\/div>\n\t\t<\/div>\n\t\t\t\t\t<\/div>\n\t\t<\/section>\n\t\t\t\t<\/div>\n\t\t","protected":false},"excerpt":{"rendered":"","protected":false},"author":1,"featured_media":0,"parent":0,"menu_order":0,"comment_status":"closed","ping_status":"closed","template":"","meta":{"_acf_changed":false,"_tec_requires_first_save":true,"om_disable_all_campaigns":false,"_price":"","_stock":"","_tribe_ticket_header":"","_tribe_default_ticket_provider":"","_tribe_ticket_capacity":"0","_ticket_start_date":"","_ticket_end_date":"","_tribe_ticket_show_description":"","_tribe_ticket_show_not_going":false,"_tribe_ticket_use_global_stock":"","_tribe_ticket_global_stock_level":"","_global_stock_mode":"","_global_stock_cap":"","_tribe_rsvp_for_event":"","_tribe_ticket_going_count":"","_tribe_ticket_not_going_count":"","_tribe_tickets_list":"[]","_tribe_ticket_has_attendee_info_fields":false,"_EventAllDay":false,"_EventTimezone":"","_EventStartDate":"","_EventEndDate":"","_EventStartDateUTC":"","_EventEndDateUTC":"","_EventShowMap":false,"_EventShowMapLink":false,"_EventURL":"","_EventCost":"","_EventCostDescription":"","_EventCurrencySymbol":"","_EventCurrencyCode":"","_EventCurrencyPosition":"","_EventDateTimeSeparator":"","_EventTimeRangeSeparator":"","_EventOrganizerID":[],"_EventVenueID":[],"_OrganizerEmail":"","_OrganizerPhone":"","_OrganizerWebsite":"","_VenueAddress":"","_VenueCity":"","_VenueCountry":"","_VenueProvince":"","_VenueState":"","_VenueZip":"","_VenuePhone":"","_VenueURL":"","_VenueStateProvince":"","_VenueLat":"","_VenueLng":"","_VenueShowMap":false,"_VenueShowMapLink":false,"_tribe_blocks_recurrence_rules":"","_tribe_blocks_recurrence_description":"","_tribe_blocks_recurrence_exclusions":"","footnotes":"","_tec_slr_enabled":"","_tec_slr_layout":""},"class_list":["post-870","page","type-page","status-publish","hentry"],"acf":[],"yoast_head":"<!-- This site is optimized with the Yoast SEO Premium plugin v27.2 (Yoast SEO v27.2) - https:\/\/yoast.com\/product\/yoast-seo-premium-wordpress\/ -->\n<title>comparecer - Asset Management Academy<\/title>\n<meta name=\"robots\" content=\"index, follow, max-snippet:-1, max-image-preview:large, max-video-preview:-1\" \/>\n<link rel=\"canonical\" href=\"https:\/\/www.assetmanagementacademy.com\/pt-br\/comparecer\/\" \/>\n<meta property=\"og:locale\" content=\"pt_BR\" \/>\n<meta property=\"og:type\" content=\"article\" \/>\n<meta property=\"og:title\" content=\"comparecer\" \/>\n<meta property=\"og:url\" content=\"https:\/\/www.assetmanagementacademy.com\/pt-br\/comparecer\/\" \/>\n<meta property=\"og:site_name\" content=\"Asset Management Academy\" \/>\n<meta property=\"article:modified_time\" content=\"2021-12-07T09:38:17+00:00\" \/>\n<meta name=\"twitter:card\" content=\"summary_large_image\" \/>\n<script type=\"application\/ld+json\" class=\"yoast-schema-graph\">{\"@context\":\"https:\/\/schema.org\",\"@graph\":[{\"@type\":\"WebPage\",\"@id\":\"https:\/\/www.assetmanagementacademy.com\/pt-br\/comparecer\/\",\"url\":\"https:\/\/www.assetmanagementacademy.com\/pt-br\/comparecer\/\",\"name\":\"comparecer - Asset Management Academy\",\"isPartOf\":{\"@id\":\"https:\/\/www.assetmanagementacademy.com\/pt-br\/#website\"},\"datePublished\":\"2021-11-10T14:24:23+00:00\",\"dateModified\":\"2021-12-07T09:38:17+00:00\",\"breadcrumb\":{\"@id\":\"https:\/\/www.assetmanagementacademy.com\/pt-br\/comparecer\/#breadcrumb\"},\"inLanguage\":\"pt-BR\",\"potentialAction\":[{\"@type\":\"ReadAction\",\"target\":[\"https:\/\/www.assetmanagementacademy.com\/pt-br\/comparecer\/\"]}]},{\"@type\":\"BreadcrumbList\",\"@id\":\"https:\/\/www.assetmanagementacademy.com\/pt-br\/comparecer\/#breadcrumb\",\"itemListElement\":[{\"@type\":\"ListItem\",\"position\":1,\"name\":\"Home\",\"item\":\"https:\/\/www.assetmanagementacademy.com\/pt-br\/\"},{\"@type\":\"ListItem\",\"position\":2,\"name\":\"comparecer\"}]},{\"@type\":\"WebSite\",\"@id\":\"https:\/\/www.assetmanagementacademy.com\/pt-br\/#website\",\"url\":\"https:\/\/www.assetmanagementacademy.com\/pt-br\/\",\"name\":\"Asset Management Academy\",\"description\":\"Asset Management Academy\",\"publisher\":{\"@id\":\"https:\/\/www.assetmanagementacademy.com\/pt-br\/#organization\"},\"potentialAction\":[{\"@type\":\"SearchAction\",\"target\":{\"@type\":\"EntryPoint\",\"urlTemplate\":\"https:\/\/www.assetmanagementacademy.com\/pt-br\/?s={search_term_string}\"},\"query-input\":{\"@type\":\"PropertyValueSpecification\",\"valueRequired\":true,\"valueName\":\"search_term_string\"}}],\"inLanguage\":\"pt-BR\"},{\"@type\":\"Organization\",\"@id\":\"https:\/\/www.assetmanagementacademy.com\/pt-br\/#organization\",\"name\":\"Asset Management Academy\",\"url\":\"https:\/\/www.assetmanagementacademy.com\/pt-br\/\",\"logo\":{\"@type\":\"ImageObject\",\"inLanguage\":\"pt-BR\",\"@id\":\"https:\/\/www.assetmanagementacademy.com\/pt-br\/#\/schema\/logo\/image\/\",\"url\":\"https:\/\/www.assetmanagementacademy.com\/wp-content\/uploads\/sites\/6\/2021\/09\/AMA-Logo-350x83-1.png\",\"contentUrl\":\"https:\/\/www.assetmanagementacademy.com\/wp-content\/uploads\/sites\/6\/2021\/09\/AMA-Logo-350x83-1.png\",\"width\":350,\"height\":83,\"caption\":\"Asset Management Academy\"},\"image\":{\"@id\":\"https:\/\/www.assetmanagementacademy.com\/pt-br\/#\/schema\/logo\/image\/\"}}]}<\/script>\n<!-- \/ Yoast SEO Premium plugin. -->","yoast_head_json":{"title":"comparecer - Asset Management Academy","robots":{"index":"index","follow":"follow","max-snippet":"max-snippet:-1","max-image-preview":"max-image-preview:large","max-video-preview":"max-video-preview:-1"},"canonical":"https:\/\/www.assetmanagementacademy.com\/pt-br\/comparecer\/","og_locale":"pt_BR","og_type":"article","og_title":"comparecer","og_url":"https:\/\/www.assetmanagementacademy.com\/pt-br\/comparecer\/","og_site_name":"Asset Management Academy","article_modified_time":"2021-12-07T09:38:17+00:00","twitter_card":"summary_large_image","schema":{"@context":"https:\/\/schema.org","@graph":[{"@type":"WebPage","@id":"https:\/\/www.assetmanagementacademy.com\/pt-br\/comparecer\/","url":"https:\/\/www.assetmanagementacademy.com\/pt-br\/comparecer\/","name":"comparecer - Asset Management Academy","isPartOf":{"@id":"https:\/\/www.assetmanagementacademy.com\/pt-br\/#website"},"datePublished":"2021-11-10T14:24:23+00:00","dateModified":"2021-12-07T09:38:17+00:00","breadcrumb":{"@id":"https:\/\/www.assetmanagementacademy.com\/pt-br\/comparecer\/#breadcrumb"},"inLanguage":"pt-BR","potentialAction":[{"@type":"ReadAction","target":["https:\/\/www.assetmanagementacademy.com\/pt-br\/comparecer\/"]}]},{"@type":"BreadcrumbList","@id":"https:\/\/www.assetmanagementacademy.com\/pt-br\/comparecer\/#breadcrumb","itemListElement":[{"@type":"ListItem","position":1,"name":"Home","item":"https:\/\/www.assetmanagementacademy.com\/pt-br\/"},{"@type":"ListItem","position":2,"name":"comparecer"}]},{"@type":"WebSite","@id":"https:\/\/www.assetmanagementacademy.com\/pt-br\/#website","url":"https:\/\/www.assetmanagementacademy.com\/pt-br\/","name":"Asset Management Academy","description":"Asset Management Academy","publisher":{"@id":"https:\/\/www.assetmanagementacademy.com\/pt-br\/#organization"},"potentialAction":[{"@type":"SearchAction","target":{"@type":"EntryPoint","urlTemplate":"https:\/\/www.assetmanagementacademy.com\/pt-br\/?s={search_term_string}"},"query-input":{"@type":"PropertyValueSpecification","valueRequired":true,"valueName":"search_term_string"}}],"inLanguage":"pt-BR"},{"@type":"Organization","@id":"https:\/\/www.assetmanagementacademy.com\/pt-br\/#organization","name":"Asset Management Academy","url":"https:\/\/www.assetmanagementacademy.com\/pt-br\/","logo":{"@type":"ImageObject","inLanguage":"pt-BR","@id":"https:\/\/www.assetmanagementacademy.com\/pt-br\/#\/schema\/logo\/image\/","url":"https:\/\/www.assetmanagementacademy.com\/wp-content\/uploads\/sites\/6\/2021\/09\/AMA-Logo-350x83-1.png","contentUrl":"https:\/\/www.assetmanagementacademy.com\/wp-content\/uploads\/sites\/6\/2021\/09\/AMA-Logo-350x83-1.png","width":350,"height":83,"caption":"Asset Management Academy"},"image":{"@id":"https:\/\/www.assetmanagementacademy.com\/pt-br\/#\/schema\/logo\/image\/"}}]}},"ticketed":false,"_links":{"self":[{"href":"https:\/\/www.assetmanagementacademy.com\/pt-br\/wp-json\/wp\/v2\/pages\/870","targetHints":{"allow":["GET"]}}],"collection":[{"href":"https:\/\/www.assetmanagementacademy.com\/pt-br\/wp-json\/wp\/v2\/pages"}],"about":[{"href":"https:\/\/www.assetmanagementacademy.com\/pt-br\/wp-json\/wp\/v2\/types\/page"}],"author":[{"embeddable":true,"href":"https:\/\/www.assetmanagementacademy.com\/pt-br\/wp-json\/wp\/v2\/users\/1"}],"replies":[{"embeddable":true,"href":"https:\/\/www.assetmanagementacademy.com\/pt-br\/wp-json\/wp\/v2\/comments?post=870"}],"version-history":[{"count":0,"href":"https:\/\/www.assetmanagementacademy.com\/pt-br\/wp-json\/wp\/v2\/pages\/870\/revisions"}],"wp:attachment":[{"href":"https:\/\/www.assetmanagementacademy.com\/pt-br\/wp-json\/wp\/v2\/media?parent=870"}],"curies":[{"name":"wp","href":"https:\/\/api.w.org\/{rel}","templated":true}]}}