{"id":878,"date":"2021-11-10T13:14:11","date_gmt":"2021-11-10T13:14:11","guid":{"rendered":"https:\/\/twplama.twplguk.wpengine.com\/contate-nos\/"},"modified":"2025-12-08T13:38:19","modified_gmt":"2025-12-08T13:38:19","slug":"contate-nos","status":"publish","type":"page","link":"https:\/\/www.assetmanagementacademy.com\/pt-br\/contate-nos\/","title":{"rendered":"Contate-Nos"},"content":{"rendered":"\t\t<div data-elementor-type=\"wp-page\" data-elementor-id=\"878\" class=\"elementor elementor-878 elementor-681\" data-elementor-post-type=\"page\">\n\t\t\t\t\t\t<section class=\"elementor-section elementor-top-section elementor-element elementor-element-36ff206 elementor-section-height-min-height elementor-section-boxed elementor-section-height-default elementor-section-items-middle\" data-id=\"36ff206\" data-element_type=\"section\" data-e-type=\"section\" data-settings=\"{&quot;background_background&quot;:&quot;classic&quot;}\">\n\t\t\t\t\t\t\t<div class=\"elementor-background-overlay\"><\/div>\n\t\t\t\t\t\t\t<div class=\"elementor-container elementor-column-gap-default\">\n\t\t\t\t\t<div class=\"elementor-column elementor-col-100 elementor-top-column elementor-element elementor-element-0a7bb2a\" data-id=\"0a7bb2a\" data-element_type=\"column\" data-e-type=\"column\">\n\t\t\t<div class=\"elementor-widget-wrap elementor-element-populated\">\n\t\t\t\t\t\t<div class=\"elementor-element elementor-element-4335c37 elementor-widget elementor-widget-heading\" data-id=\"4335c37\" data-element_type=\"widget\" data-e-type=\"widget\" data-widget_type=\"heading.default\">\n\t\t\t\t<div class=\"elementor-widget-container\">\n\t\t\t\t\t<h2 class=\"elementor-heading-title elementor-size-default\">Contate-Nos<\/h2>\t\t\t\t<\/div>\n\t\t\t\t<\/div>\n\t\t\t\t<div class=\"elementor-element elementor-element-bef69ee elementor-widget elementor-widget-text-editor\" data-id=\"bef69ee\" data-element_type=\"widget\" data-e-type=\"widget\" data-widget_type=\"text-editor.default\">\n\t\t\t\t<div class=\"elementor-widget-container\">\n\t\t\t\t\t\t\t\t\t<p>Ligue para n\u00f3s, envie-nos um e-mail ou preencha nosso Formul\u00e1rio de Contato.<\/p>\n<p>Teremos prazer em falar com voc\u00ea e saber como podemos ajudar voc\u00ea e sua empresa.<\/p>\n\t\t\t\t\t\t\t\t<\/div>\n\t\t\t\t<\/div>\n\t\t\t\t\t<\/div>\n\t\t<\/div>\n\t\t\t\t\t<\/div>\n\t\t<\/section>\n\t\t\t\t<section class=\"elementor-section elementor-top-section elementor-element elementor-element-83a446c elementor-section-boxed elementor-section-height-default elementor-section-height-default\" data-id=\"83a446c\" data-element_type=\"section\" data-e-type=\"section\">\n\t\t\t\t\t\t<div class=\"elementor-container elementor-column-gap-default\">\n\t\t\t\t\t<div class=\"elementor-column elementor-col-33 elementor-top-column elementor-element elementor-element-d15f116\" data-id=\"d15f116\" data-element_type=\"column\" data-e-type=\"column\">\n\t\t\t<div class=\"elementor-widget-wrap elementor-element-populated\">\n\t\t\t\t\t\t<div class=\"elementor-element elementor-element-ae9193f elementor-cta--skin-classic elementor-widget elementor-widget-call-to-action\" data-id=\"ae9193f\" data-element_type=\"widget\" data-e-type=\"widget\" data-widget_type=\"call-to-action.default\">\n\t\t\t\t<div class=\"elementor-widget-container\">\n\t\t\t\t\t\t\t<div class=\"elementor-cta\">\n\t\t\t\t\t\t\t<div class=\"elementor-cta__content\">\n\t\t\t\t\n\t\t\t\t\t\t\t\t\t<h2 class=\"elementor-cta__title elementor-cta__content-item elementor-content-item\">\n\t\t\t\t\t\tWoodhouse Asset Management Academy \t\t\t\t\t<\/h2>\n\t\t\t\t\n\t\t\t\t\t\t\t\t\t<div class=\"elementor-cta__description elementor-cta__content-item elementor-content-item\">\n\t\t\t\t\t\t<p>Prince Henry House<br \/>\n<br \/>Kingsclere Business Park<br \/>\n<br \/>Kingsclere. Hampshire. RG20 4SW<br \/>\n<br \/>Reino Unido<\/p>\n<p>T: +44 (0) 1635 298 800<\/p>\n\t\t\t\t\t<\/div>\n\t\t\t\t\n\t\t\t\t\t\t\t\t\t<div class=\"elementor-cta__button-wrapper elementor-cta__content-item elementor-content-item \">\n\t\t\t\t\t<a class=\"elementor-cta__button elementor-button elementor-size-\" href=\"mailto:academy@twpl.com?subject=Academy%20Enquiry\">\n\t\t\t\t\t\tenvie-nos agora\t\t\t\t\t<\/a>\n\t\t\t\t\t<\/div>\n\t\t\t\t\t\t\t<\/div>\n\t\t\t\t\t\t<\/div>\n\t\t\t\t\t\t<\/div>\n\t\t\t\t<\/div>\n\t\t\t\t\t<\/div>\n\t\t<\/div>\n\t\t\t\t<div class=\"elementor-column elementor-col-33 elementor-top-column elementor-element elementor-element-675aa23\" data-id=\"675aa23\" data-element_type=\"column\" data-e-type=\"column\">\n\t\t\t<div class=\"elementor-widget-wrap elementor-element-populated\">\n\t\t\t\t\t\t<div class=\"elementor-element elementor-element-48790e3 elementor-cta--skin-classic elementor-widget elementor-widget-call-to-action\" data-id=\"48790e3\" data-element_type=\"widget\" data-e-type=\"widget\" data-widget_type=\"call-to-action.default\">\n\t\t\t\t<div class=\"elementor-widget-container\">\n\t\t\t\t\t\t\t<div class=\"elementor-cta\">\n\t\t\t\t\t\t\t<div class=\"elementor-cta__content\">\n\t\t\t\t\n\t\t\t\t\t\t\t\t\t<h2 class=\"elementor-cta__title elementor-cta__content-item elementor-content-item\">\n\t\t\t\t\t\tCasa de madeira<br> Am\u00e9rica do Norte\t\t\t\t\t<\/h2>\n\t\t\t\t\n\t\t\t\t\t\t\t\t\t<div class=\"elementor-cta__description elementor-cta__content-item elementor-content-item\">\n\t\t\t\t\t\t<p>Ali Mirza<br \/>\n<br \/> Woodhouse Am\u00e9rica do Norte<\/p>\n<p> Telefone: +1 (469) 513 4008<br \/>\n<br \/> M: +44 (0) 7793 365 866<\/p>\n\t\t\t\t\t<\/div>\n\t\t\t\t\n\t\t\t\t\t\t\t\t\t<div class=\"elementor-cta__button-wrapper elementor-cta__content-item elementor-content-item \">\n\t\t\t\t\t<a class=\"elementor-cta__button elementor-button elementor-size-\" href=\"mailto:ali.mirza@twpl.com?subject=Academy%20Enquiry\">\n\t\t\t\t\t\tenvie-nos agora\t\t\t\t\t<\/a>\n\t\t\t\t\t<\/div>\n\t\t\t\t\t\t\t<\/div>\n\t\t\t\t\t\t<\/div>\n\t\t\t\t\t\t<\/div>\n\t\t\t\t<\/div>\n\t\t\t\t<div class=\"elementor-element elementor-element-b754df2 elementor-widget elementor-widget-menu-anchor\" data-id=\"b754df2\" data-element_type=\"widget\" data-e-type=\"widget\" data-widget_type=\"menu-anchor.default\">\n\t\t\t\t<div class=\"elementor-widget-container\">\n\t\t\t\t\t\t\t<div class=\"elementor-menu-anchor\" id=\"citar\"><\/div>\n\t\t\t\t\t\t<\/div>\n\t\t\t\t<\/div>\n\t\t\t\t\t<\/div>\n\t\t<\/div>\n\t\t\t\t<div class=\"elementor-column elementor-col-33 elementor-top-column elementor-element elementor-element-fa64165\" data-id=\"fa64165\" data-element_type=\"column\" data-e-type=\"column\">\n\t\t\t<div class=\"elementor-widget-wrap elementor-element-populated\">\n\t\t\t\t\t\t<div class=\"elementor-element elementor-element-6d0c1e5 elementor-cta--skin-classic elementor-widget elementor-widget-call-to-action\" data-id=\"6d0c1e5\" data-element_type=\"widget\" data-e-type=\"widget\" data-widget_type=\"call-to-action.default\">\n\t\t\t\t<div class=\"elementor-widget-container\">\n\t\t\t\t\t\t\t<div class=\"elementor-cta\">\n\t\t\t\t\t\t\t<div class=\"elementor-cta__content\">\n\t\t\t\t\n\t\t\t\t\t\t\t\t\t<h2 class=\"elementor-cta__title elementor-cta__content-item elementor-content-item\">\n\t\t\t\t\t\tCasa de madeira<br> Am\u00e9rica Latina\t\t\t\t\t<\/h2>\n\t\t\t\t\n\t\t\t\t\t\t\t\t\t<div class=\"elementor-cta__description elementor-cta__content-item elementor-content-item\">\n\t\t\t\t\t\t<p>Jos\u00e9 Duran<\/p>\n<p> Woodhouse Col\u00f4mbia<br \/>\n<br \/> Woodhouse Brasil<\/p>\n<p> T: (372) 5479 6979<\/p>\n\t\t\t\t\t<\/div>\n\t\t\t\t\n\t\t\t\t\t\t\t\t\t<div class=\"elementor-cta__button-wrapper elementor-cta__content-item elementor-content-item \">\n\t\t\t\t\t<a class=\"elementor-cta__button elementor-button elementor-size-\" href=\"mailto:jose.duran@twpl.com?subject=Academy%20Enquiry\">\n\t\t\t\t\t\tenvie-nos agora\t\t\t\t\t<\/a>\n\t\t\t\t\t<\/div>\n\t\t\t\t\t\t\t<\/div>\n\t\t\t\t\t\t<\/div>\n\t\t\t\t\t\t<\/div>\n\t\t\t\t<\/div>\n\t\t\t\t\t<\/div>\n\t\t<\/div>\n\t\t\t\t\t<\/div>\n\t\t<\/section>\n\t\t\t\t<section class=\"elementor-section elementor-top-section elementor-element elementor-element-a123b57 elementor-section-boxed elementor-section-height-default elementor-section-height-default\" data-id=\"a123b57\" data-element_type=\"section\" data-e-type=\"section\">\n\t\t\t\t\t\t<div class=\"elementor-container elementor-column-gap-default\">\n\t\t\t\t\t<div class=\"elementor-column elementor-col-100 elementor-top-column elementor-element elementor-element-e46a6bf\" data-id=\"e46a6bf\" data-element_type=\"column\" data-e-type=\"column\">\n\t\t\t<div class=\"elementor-widget-wrap elementor-element-populated\">\n\t\t\t\t\t\t<div class=\"elementor-element elementor-element-d1c8692 elementor-widget elementor-widget-heading\" data-id=\"d1c8692\" data-element_type=\"widget\" data-e-type=\"widget\" data-widget_type=\"heading.default\">\n\t\t\t\t<div class=\"elementor-widget-container\">\n\t\t\t\t\t<h2 class=\"elementor-heading-title elementor-size-default\">Pe\u00e7a um or\u00e7amento<\/h2>\t\t\t\t<\/div>\n\t\t\t\t<\/div>\n\t\t\t\t<div class=\"elementor-element elementor-element-3886861 elementor-widget elementor-widget-text-editor\" data-id=\"3886861\" data-element_type=\"widget\" data-e-type=\"widget\" data-widget_type=\"text-editor.default\">\n\t\t\t\t<div class=\"elementor-widget-container\">\n\t\t\t\t\t\t\t\t\t<p>Se voc\u00ea est\u00e1 planejando uma s\u00e9rie de cursos de educa\u00e7\u00e3o e treinamento para sua organiza\u00e7\u00e3o ou fazendo uma compra para 3 ou mais delegados, podemos oferecer uma variedade de benef\u00edcios de reserva em grupo. Por favor, envie-nos um <a title=\"Contate-Nos\" href=\"https:\/\/www.assetmanagementacademy.com\/pt-br\/contate-nos\/\">e-mail<\/a> com seus requisitos<\/p>\n\t\t\t\t\t\t\t\t<\/div>\n\t\t\t\t<\/div>\n\t\t\t\t\t<\/div>\n\t\t<\/div>\n\t\t\t\t\t<\/div>\n\t\t<\/section>\n\t\t\t\t<section class=\"elementor-section elementor-top-section elementor-element elementor-element-917e5af elementor-section-boxed elementor-section-height-default elementor-section-height-default\" data-id=\"917e5af\" data-element_type=\"section\" data-e-type=\"section\">\n\t\t\t\t\t\t<div class=\"elementor-container elementor-column-gap-default\">\n\t\t\t\t\t<div class=\"elementor-column elementor-col-33 elementor-top-column elementor-element elementor-element-43b1066\" data-id=\"43b1066\" data-element_type=\"column\" data-e-type=\"column\">\n\t\t\t<div class=\"elementor-widget-wrap elementor-element-populated\">\n\t\t\t\t\t\t<div class=\"elementor-element elementor-element-25a35fe elementor-cta--skin-cover elementor-widget elementor-widget-call-to-action\" data-id=\"25a35fe\" data-element_type=\"widget\" data-e-type=\"widget\" data-widget_type=\"call-to-action.default\">\n\t\t\t\t<div class=\"elementor-widget-container\">\n\t\t\t\t\t\t\t<a class=\"elementor-cta\" href=\"https:\/\/www.assetmanagementacademy.com\/pt-br\/qualificacoes-e-cursos-iam\/fundacao-iam\/\">\n\t\t\t\t\t<div class=\"elementor-cta__bg-wrapper\">\n\t\t\t\t<div class=\"elementor-cta__bg elementor-bg\" style=\"background-image: url(https:\/\/www.assetmanagementacademy.com\/wp-content\/uploads\/sites\/6\/2021\/09\/0484_TWPL_Academy-Website-CTA-Banners_751x471-Foundation-v2.jpg);\" role=\"img\" aria-label=\"0484_TWPL_Academy Website CTA Banners_751x471 Foundation v2\"><\/div>\n\t\t\t\t<div class=\"elementor-cta__bg-overlay\"><\/div>\n\t\t\t<\/div>\n\t\t\t\t\t\t\t<div class=\"elementor-cta__content\">\n\t\t\t\t\n\t\t\t\t\t\t\t\t\t<h2 class=\"elementor-cta__title elementor-cta__content-item elementor-content-item\">\n\t\t\t\t\t\tIntrodu\u00e7\u00e3o a<br> Gest\u00e3o de ativos  \t\t\t\t\t<\/h2>\n\t\t\t\t\n\t\t\t\t\n\t\t\t\t\t\t\t<\/div>\n\t\t\t\t\t\t<\/a>\n\t\t\t\t\t\t<\/div>\n\t\t\t\t<\/div>\n\t\t\t\t\t<\/div>\n\t\t<\/div>\n\t\t\t\t<div class=\"elementor-column elementor-col-33 elementor-top-column elementor-element elementor-element-0d095ed\" data-id=\"0d095ed\" data-element_type=\"column\" data-e-type=\"column\">\n\t\t\t<div class=\"elementor-widget-wrap elementor-element-populated\">\n\t\t\t\t\t\t<div class=\"elementor-element elementor-element-8c00fb4 elementor-cta--skin-cover elementor-widget elementor-widget-call-to-action\" data-id=\"8c00fb4\" data-element_type=\"widget\" data-e-type=\"widget\" data-widget_type=\"call-to-action.default\">\n\t\t\t\t<div class=\"elementor-widget-container\">\n\t\t\t\t\t\t\t<a class=\"elementor-cta\" href=\"https:\/\/www.assetmanagementacademy.com\/iam-certificate\/\">\n\t\t\t\t\t<div class=\"elementor-cta__bg-wrapper\">\n\t\t\t\t<div class=\"elementor-cta__bg elementor-bg\" style=\"background-image: url(https:\/\/www.assetmanagementacademy.com\/wp-content\/uploads\/sites\/6\/2021\/09\/0484_TWPL_Academy-Website-CTA-Banners_751x4712-IAM-Certificate-v2.jpg);\" role=\"img\" aria-label=\"0484_TWPL_Academy Website CTA Banners_751x4712 Certificado IAM v2\"><\/div>\n\t\t\t\t<div class=\"elementor-cta__bg-overlay\"><\/div>\n\t\t\t<\/div>\n\t\t\t\t\t\t\t<div class=\"elementor-cta__content\">\n\t\t\t\t\n\t\t\t\t\t\t\t\t\t<h2 class=\"elementor-cta__title elementor-cta__content-item elementor-content-item\">\n\t\t\t\t\t\tPrinc\u00edpios de Gest\u00e3o de Ativos\t\t\t\t\t<\/h2>\n\t\t\t\t\n\t\t\t\t\n\t\t\t\t\t\t\t<\/div>\n\t\t\t\t\t\t<\/a>\n\t\t\t\t\t\t<\/div>\n\t\t\t\t<\/div>\n\t\t\t\t\t<\/div>\n\t\t<\/div>\n\t\t\t\t<div class=\"elementor-column elementor-col-33 elementor-top-column elementor-element elementor-element-8399ee0\" data-id=\"8399ee0\" data-element_type=\"column\" data-e-type=\"column\">\n\t\t\t<div class=\"elementor-widget-wrap elementor-element-populated\">\n\t\t\t\t\t\t<div class=\"elementor-element elementor-element-31bb227 elementor-cta--skin-cover elementor-widget elementor-widget-call-to-action\" data-id=\"31bb227\" data-element_type=\"widget\" data-e-type=\"widget\" data-widget_type=\"call-to-action.default\">\n\t\t\t\t<div class=\"elementor-widget-container\">\n\t\t\t\t\t\t\t<a class=\"elementor-cta\" href=\"https:\/\/www.assetmanagementacademy.com\/pt-br\/qualificacoes-e-cursos-iam\/diploma-iam\/\">\n\t\t\t\t\t<div class=\"elementor-cta__bg-wrapper\">\n\t\t\t\t<div class=\"elementor-cta__bg elementor-bg\" style=\"background-image: url(https:\/\/www.assetmanagementacademy.com\/wp-content\/uploads\/sites\/6\/2021\/09\/0484_TWPL_Academy-Website-CTA-Banners_751x4713-IAM-Diploma-v2.jpg);\" role=\"img\" aria-label=\"0484_TWPL_Academy Website CTA Banners_751x4713 Diploma IAM v2\"><\/div>\n\t\t\t\t<div class=\"elementor-cta__bg-overlay\"><\/div>\n\t\t\t<\/div>\n\t\t\t\t\t\t\t<div class=\"elementor-cta__content\">\n\t\t\t\t\n\t\t\t\t\t\t\t\t\t<h2 class=\"elementor-cta__title elementor-cta__content-item elementor-content-item\">\n\t\t\t\t\t\tGest\u00e3o Avan\u00e7ada de Ativos\t\t\t\t\t<\/h2>\n\t\t\t\t\n\t\t\t\t\n\t\t\t\t\t\t\t<\/div>\n\t\t\t\t\t\t<\/a>\n\t\t\t\t\t\t<\/div>\n\t\t\t\t<\/div>\n\t\t\t\t\t<\/div>\n\t\t<\/div>\n\t\t\t\t\t<\/div>\n\t\t<\/section>\n\t\t\t\t<\/div>\n\t\t","protected":false},"excerpt":{"rendered":"<p>Contate-Nos Ligue para n\u00f3s, envie-nos um e-mail ou preencha nosso Formul\u00e1rio de Contato. Teremos prazer em falar com voc\u00ea e saber como podemos ajudar voc\u00ea e sua empresa. Woodhouse Asset [&hellip;]<\/p>\n","protected":false},"author":2,"featured_media":0,"parent":0,"menu_order":0,"comment_status":"closed","ping_status":"closed","template":"","meta":{"_acf_changed":false,"_tec_requires_first_save":true,"om_disable_all_campaigns":false,"_price":"","_stock":"","_tribe_ticket_header":"","_tribe_default_ticket_provider":"","_tribe_ticket_capacity":"0","_ticket_start_date":"","_ticket_end_date":"","_tribe_ticket_show_description":"","_tribe_ticket_show_not_going":false,"_tribe_ticket_use_global_stock":"","_tribe_ticket_global_stock_level":"","_global_stock_mode":"","_global_stock_cap":"","_tribe_rsvp_for_event":"","_tribe_ticket_going_count":"","_tribe_ticket_not_going_count":"","_tribe_tickets_list":"[]","_tribe_ticket_has_attendee_info_fields":false,"_EventAllDay":false,"_EventTimezone":"","_EventStartDate":"","_EventEndDate":"","_EventStartDateUTC":"","_EventEndDateUTC":"","_EventShowMap":false,"_EventShowMapLink":false,"_EventURL":"","_EventCost":"","_EventCostDescription":"","_EventCurrencySymbol":"","_EventCurrencyCode":"","_EventCurrencyPosition":"","_EventDateTimeSeparator":"","_EventTimeRangeSeparator":"","_EventOrganizerID":[],"_EventVenueID":[],"_OrganizerEmail":"","_OrganizerPhone":"","_OrganizerWebsite":"","_VenueAddress":"","_VenueCity":"","_VenueCountry":"","_VenueProvince":"","_VenueState":"","_VenueZip":"","_VenuePhone":"","_VenueURL":"","_VenueStateProvince":"","_VenueLat":"","_VenueLng":"","_VenueShowMap":false,"_VenueShowMapLink":false,"_tribe_blocks_recurrence_rules":"","_tribe_blocks_recurrence_description":"","_tribe_blocks_recurrence_exclusions":"","footnotes":"","_tec_slr_enabled":"","_tec_slr_layout":""},"class_list":["post-878","page","type-page","status-publish","hentry"],"acf":[],"yoast_head":"<!-- This site is optimized with the Yoast SEO Premium plugin v27.2 (Yoast SEO v27.2) - https:\/\/yoast.com\/product\/yoast-seo-premium-wordpress\/ -->\n<title>Contate-Nos - Asset Management Academy<\/title>\n<meta name=\"robots\" content=\"index, follow, max-snippet:-1, max-image-preview:large, max-video-preview:-1\" \/>\n<link rel=\"canonical\" href=\"https:\/\/www.assetmanagementacademy.com\/pt-br\/contate-nos\/\" \/>\n<meta property=\"og:locale\" content=\"pt_BR\" \/>\n<meta property=\"og:type\" content=\"article\" \/>\n<meta property=\"og:title\" content=\"Contate-Nos\" \/>\n<meta property=\"og:description\" content=\"Contate-Nos Ligue para n\u00f3s, envie-nos um e-mail ou preencha nosso Formul\u00e1rio de Contato. Teremos prazer em falar com voc\u00ea e saber como podemos ajudar voc\u00ea e sua empresa. Woodhouse Asset [&hellip;]\" \/>\n<meta property=\"og:url\" content=\"https:\/\/www.assetmanagementacademy.com\/pt-br\/contate-nos\/\" \/>\n<meta property=\"og:site_name\" content=\"Asset Management Academy\" \/>\n<meta property=\"article:modified_time\" content=\"2025-12-08T13:38:19+00:00\" \/>\n<meta name=\"twitter:card\" content=\"summary_large_image\" \/>\n<script type=\"application\/ld+json\" class=\"yoast-schema-graph\">{\"@context\":\"https:\/\/schema.org\",\"@graph\":[{\"@type\":\"WebPage\",\"@id\":\"https:\/\/www.assetmanagementacademy.com\/pt-br\/contate-nos\/\",\"url\":\"https:\/\/www.assetmanagementacademy.com\/pt-br\/contate-nos\/\",\"name\":\"Contate-Nos - Asset Management Academy\",\"isPartOf\":{\"@id\":\"https:\/\/www.assetmanagementacademy.com\/pt-br\/#website\"},\"datePublished\":\"2021-11-10T13:14:11+00:00\",\"dateModified\":\"2025-12-08T13:38:19+00:00\",\"breadcrumb\":{\"@id\":\"https:\/\/www.assetmanagementacademy.com\/pt-br\/contate-nos\/#breadcrumb\"},\"inLanguage\":\"pt-BR\",\"potentialAction\":[{\"@type\":\"ReadAction\",\"target\":[\"https:\/\/www.assetmanagementacademy.com\/pt-br\/contate-nos\/\"]}]},{\"@type\":\"BreadcrumbList\",\"@id\":\"https:\/\/www.assetmanagementacademy.com\/pt-br\/contate-nos\/#breadcrumb\",\"itemListElement\":[{\"@type\":\"ListItem\",\"position\":1,\"name\":\"Home\",\"item\":\"https:\/\/www.assetmanagementacademy.com\/pt-br\/\"},{\"@type\":\"ListItem\",\"position\":2,\"name\":\"Contate-Nos\"}]},{\"@type\":\"WebSite\",\"@id\":\"https:\/\/www.assetmanagementacademy.com\/pt-br\/#website\",\"url\":\"https:\/\/www.assetmanagementacademy.com\/pt-br\/\",\"name\":\"Asset Management Academy\",\"description\":\"Asset Management Academy\",\"publisher\":{\"@id\":\"https:\/\/www.assetmanagementacademy.com\/pt-br\/#organization\"},\"potentialAction\":[{\"@type\":\"SearchAction\",\"target\":{\"@type\":\"EntryPoint\",\"urlTemplate\":\"https:\/\/www.assetmanagementacademy.com\/pt-br\/?s={search_term_string}\"},\"query-input\":{\"@type\":\"PropertyValueSpecification\",\"valueRequired\":true,\"valueName\":\"search_term_string\"}}],\"inLanguage\":\"pt-BR\"},{\"@type\":\"Organization\",\"@id\":\"https:\/\/www.assetmanagementacademy.com\/pt-br\/#organization\",\"name\":\"Asset Management Academy\",\"url\":\"https:\/\/www.assetmanagementacademy.com\/pt-br\/\",\"logo\":{\"@type\":\"ImageObject\",\"inLanguage\":\"pt-BR\",\"@id\":\"https:\/\/www.assetmanagementacademy.com\/pt-br\/#\/schema\/logo\/image\/\",\"url\":\"https:\/\/www.assetmanagementacademy.com\/wp-content\/uploads\/sites\/6\/2021\/09\/AMA-Logo-350x83-1.png\",\"contentUrl\":\"https:\/\/www.assetmanagementacademy.com\/wp-content\/uploads\/sites\/6\/2021\/09\/AMA-Logo-350x83-1.png\",\"width\":350,\"height\":83,\"caption\":\"Asset Management Academy\"},\"image\":{\"@id\":\"https:\/\/www.assetmanagementacademy.com\/pt-br\/#\/schema\/logo\/image\/\"}}]}<\/script>\n<!-- \/ Yoast SEO Premium plugin. -->","yoast_head_json":{"title":"Contate-Nos - Asset Management Academy","robots":{"index":"index","follow":"follow","max-snippet":"max-snippet:-1","max-image-preview":"max-image-preview:large","max-video-preview":"max-video-preview:-1"},"canonical":"https:\/\/www.assetmanagementacademy.com\/pt-br\/contate-nos\/","og_locale":"pt_BR","og_type":"article","og_title":"Contate-Nos","og_description":"Contate-Nos Ligue para n\u00f3s, envie-nos um e-mail ou preencha nosso Formul\u00e1rio de Contato. Teremos prazer em falar com voc\u00ea e saber como podemos ajudar voc\u00ea e sua empresa. Woodhouse Asset [&hellip;]","og_url":"https:\/\/www.assetmanagementacademy.com\/pt-br\/contate-nos\/","og_site_name":"Asset Management Academy","article_modified_time":"2025-12-08T13:38:19+00:00","twitter_card":"summary_large_image","schema":{"@context":"https:\/\/schema.org","@graph":[{"@type":"WebPage","@id":"https:\/\/www.assetmanagementacademy.com\/pt-br\/contate-nos\/","url":"https:\/\/www.assetmanagementacademy.com\/pt-br\/contate-nos\/","name":"Contate-Nos - Asset Management Academy","isPartOf":{"@id":"https:\/\/www.assetmanagementacademy.com\/pt-br\/#website"},"datePublished":"2021-11-10T13:14:11+00:00","dateModified":"2025-12-08T13:38:19+00:00","breadcrumb":{"@id":"https:\/\/www.assetmanagementacademy.com\/pt-br\/contate-nos\/#breadcrumb"},"inLanguage":"pt-BR","potentialAction":[{"@type":"ReadAction","target":["https:\/\/www.assetmanagementacademy.com\/pt-br\/contate-nos\/"]}]},{"@type":"BreadcrumbList","@id":"https:\/\/www.assetmanagementacademy.com\/pt-br\/contate-nos\/#breadcrumb","itemListElement":[{"@type":"ListItem","position":1,"name":"Home","item":"https:\/\/www.assetmanagementacademy.com\/pt-br\/"},{"@type":"ListItem","position":2,"name":"Contate-Nos"}]},{"@type":"WebSite","@id":"https:\/\/www.assetmanagementacademy.com\/pt-br\/#website","url":"https:\/\/www.assetmanagementacademy.com\/pt-br\/","name":"Asset Management Academy","description":"Asset Management Academy","publisher":{"@id":"https:\/\/www.assetmanagementacademy.com\/pt-br\/#organization"},"potentialAction":[{"@type":"SearchAction","target":{"@type":"EntryPoint","urlTemplate":"https:\/\/www.assetmanagementacademy.com\/pt-br\/?s={search_term_string}"},"query-input":{"@type":"PropertyValueSpecification","valueRequired":true,"valueName":"search_term_string"}}],"inLanguage":"pt-BR"},{"@type":"Organization","@id":"https:\/\/www.assetmanagementacademy.com\/pt-br\/#organization","name":"Asset Management Academy","url":"https:\/\/www.assetmanagementacademy.com\/pt-br\/","logo":{"@type":"ImageObject","inLanguage":"pt-BR","@id":"https:\/\/www.assetmanagementacademy.com\/pt-br\/#\/schema\/logo\/image\/","url":"https:\/\/www.assetmanagementacademy.com\/wp-content\/uploads\/sites\/6\/2021\/09\/AMA-Logo-350x83-1.png","contentUrl":"https:\/\/www.assetmanagementacademy.com\/wp-content\/uploads\/sites\/6\/2021\/09\/AMA-Logo-350x83-1.png","width":350,"height":83,"caption":"Asset Management Academy"},"image":{"@id":"https:\/\/www.assetmanagementacademy.com\/pt-br\/#\/schema\/logo\/image\/"}}]}},"ticketed":false,"_links":{"self":[{"href":"https:\/\/www.assetmanagementacademy.com\/pt-br\/wp-json\/wp\/v2\/pages\/878","targetHints":{"allow":["GET"]}}],"collection":[{"href":"https:\/\/www.assetmanagementacademy.com\/pt-br\/wp-json\/wp\/v2\/pages"}],"about":[{"href":"https:\/\/www.assetmanagementacademy.com\/pt-br\/wp-json\/wp\/v2\/types\/page"}],"author":[{"embeddable":true,"href":"https:\/\/www.assetmanagementacademy.com\/pt-br\/wp-json\/wp\/v2\/users\/2"}],"replies":[{"embeddable":true,"href":"https:\/\/www.assetmanagementacademy.com\/pt-br\/wp-json\/wp\/v2\/comments?post=878"}],"version-history":[{"count":0,"href":"https:\/\/www.assetmanagementacademy.com\/pt-br\/wp-json\/wp\/v2\/pages\/878\/revisions"}],"wp:attachment":[{"href":"https:\/\/www.assetmanagementacademy.com\/pt-br\/wp-json\/wp\/v2\/media?parent=878"}],"curies":[{"name":"wp","href":"https:\/\/api.w.org\/{rel}","templated":true}]}}