{"id":984,"date":"2021-12-08T15:06:52","date_gmt":"2021-12-08T15:06:52","guid":{"rendered":"https:\/\/twplama.twplguk.wpengine.com\/product\/exame-de-certificado-iam\/"},"modified":"2022-05-19T10:30:01","modified_gmt":"2022-05-19T09:30:01","slug":"iam-certificado-exame","status":"publish","type":"product","link":"https:\/\/www.assetmanagementacademy.com\/pt-br\/produto\/iam-certificado-exame\/","title":{"rendered":"Exame de certificado IAM"},"content":{"rendered":"<p>Esteja pronto para fazer o seu Exame de Certificado do IAM depois de concluir o curso Princ\u00edpios de gerenciamento de ativos, estudos e leituras recomendadas. Voc\u00ea pode at\u00e9 fazer o exame em casa com o <a href=\"https:\/\/home.pearsonvue.com\/theiam\/onvue\" target=\"_blank\" rel=\"noopener\">OnVue.<\/a><\/p>\n<p>As taxas indicadas cobrem o processo de registro e fornecem entrada para fazer o exame uma vez. Se um candidato optar por refazer o exame, a mesma taxa se aplica para se inscrever e fazer o exame novamente. Os alunos receber\u00e3o um c\u00f3digo de voucher que permite a inscri\u00e7\u00e3o online.<\/p>\n<p>O Exame de Princ\u00edpios de Gerenciamento de Ativos \u00e9 um exame supervisionado de 2 horas e compreende 60 quest\u00f5es de m\u00faltipla escolha em 5 m\u00f3dulos obrigat\u00f3rios. Para receber o Certificado IAM, os candidatos dever\u00e3o atingir uma pontua\u00e7\u00e3o geral de 65%, com uma pontua\u00e7\u00e3o n\u00e3o inferior a 50% em cada um dos cinco m\u00f3dulos. O exame \u00e9 um &#8216;livro fechado&#8217;, o que significa que materiais de refer\u00eancia impressos e dicion\u00e1rios n\u00e3o podem ser levados para a sala de exame.<\/p>\n<p>O IAM recomenda que aproximadamente 150 horas de estudo sejam necess\u00e1rias para se preparar para o exame &#8216;Princ\u00edpios de Gerenciamento de Ativos&#8217;, dependendo de seu conhecimento e experi\u00eancia anteriores.<\/p>\n","protected":false},"excerpt":{"rendered":"<p>Esteja pronto para fazer o seu Exame de Certificado do IAM depois de concluir o curso Princ\u00edpios de gerenciamento de ativos, estudos e leituras recomendadas. Voc\u00ea pode at\u00e9 fazer o [&hellip;]<\/p>\n","protected":false},"featured_media":780,"template":"","meta":{"_acf_changed":false,"_tec_requires_first_save":true,"om_disable_all_campaigns":false,"_price":"250","_stock":"","_tribe_ticket_header":"","_tribe_default_ticket_provider":"","_tribe_ticket_capacity":"0","_ticket_start_date":"","_ticket_end_date":"","_tribe_ticket_show_description":"","_tribe_ticket_show_not_going":false,"_tribe_ticket_use_global_stock":"","_tribe_ticket_global_stock_level":"","_global_stock_mode":"","_global_stock_cap":"","_tribe_rsvp_for_event":"","_tribe_ticket_going_count":"","_tribe_ticket_not_going_count":"","_tribe_tickets_list":"[]","_tribe_ticket_has_attendee_info_fields":false,"_EventAllDay":false,"_EventTimezone":"","_EventStartDate":"","_EventEndDate":"","_EventStartDateUTC":"","_EventEndDateUTC":"","_EventShowMap":false,"_EventShowMapLink":false,"_EventURL":"","_EventCost":"","_EventCostDescription":"","_EventCurrencySymbol":"","_EventCurrencyCode":"","_EventCurrencyPosition":"","_EventDateTimeSeparator":"","_EventTimeRangeSeparator":"","_EventOrganizerID":[],"_EventVenueID":[],"_OrganizerEmail":"","_OrganizerPhone":"","_OrganizerWebsite":"","_VenueAddress":"","_VenueCity":"","_VenueCountry":"","_VenueProvince":"","_VenueState":"","_VenueZip":"","_VenuePhone":"","_VenueURL":"","_VenueStateProvince":"","_VenueLat":"","_VenueLng":"","_VenueShowMap":false,"_VenueShowMapLink":false,"_tribe_blocks_recurrence_rules":"","_tribe_blocks_recurrence_description":"","_tribe_blocks_recurrence_exclusions":"","_tec_slr_enabled":"","_tec_slr_layout":""},"product_brand":[],"product_cat":[56],"product_tag":[],"class_list":{"0":"post-984","1":"product","2":"type-product","3":"status-publish","4":"has-post-thumbnail","6":"product_cat-certificado-iam","8":"first","9":"instock","10":"virtual","11":"purchasable","12":"product-type-simple"},"acf":[],"yoast_head":"<!-- This site is optimized with the Yoast SEO Premium plugin v27.2 (Yoast SEO v27.2) - https:\/\/yoast.com\/product\/yoast-seo-premium-wordpress\/ -->\n<title>Exame de certificado IAM - Asset Management Academy<\/title>\n<meta name=\"robots\" content=\"index, follow, max-snippet:-1, max-image-preview:large, max-video-preview:-1\" \/>\n<link rel=\"canonical\" href=\"https:\/\/www.assetmanagementacademy.com\/pt-br\/produto\/iam-certificado-exame\/\" \/>\n<meta property=\"og:locale\" content=\"pt_BR\" \/>\n<meta property=\"og:type\" content=\"article\" \/>\n<meta property=\"og:title\" content=\"Exame de certificado IAM\" \/>\n<meta property=\"og:description\" content=\"Esteja pronto para fazer o seu Exame de Certificado do IAM depois de concluir o curso Princ\u00edpios de gerenciamento de ativos, estudos e leituras recomendadas. Voc\u00ea pode at\u00e9 fazer o [&hellip;]\" \/>\n<meta property=\"og:url\" content=\"https:\/\/www.assetmanagementacademy.com\/pt-br\/produto\/iam-certificado-exame\/\" \/>\n<meta property=\"og:site_name\" content=\"Asset Management Academy\" \/>\n<meta property=\"article:modified_time\" content=\"2022-05-19T09:30:01+00:00\" \/>\n<meta property=\"og:image\" content=\"https:\/\/www.assetmanagementacademy.com\/wp-content\/uploads\/sites\/6\/2021\/12\/IAM-Certificate-decal.jpg\" \/>\n\t<meta property=\"og:image:width\" content=\"541\" \/>\n\t<meta property=\"og:image:height\" content=\"544\" \/>\n\t<meta property=\"og:image:type\" content=\"image\/jpeg\" \/>\n<meta name=\"twitter:card\" content=\"summary_large_image\" \/>\n<meta name=\"twitter:label1\" content=\"Est. reading time\" \/>\n\t<meta name=\"twitter:data1\" content=\"1 minuto\" \/>\n<script type=\"application\/ld+json\" class=\"yoast-schema-graph\">{\"@context\":\"https:\/\/schema.org\",\"@graph\":[{\"@type\":\"WebPage\",\"@id\":\"https:\/\/www.assetmanagementacademy.com\/pt-br\/produto\/iam-certificado-exame\/\",\"url\":\"https:\/\/www.assetmanagementacademy.com\/pt-br\/produto\/iam-certificado-exame\/\",\"name\":\"Exame de certificado IAM - Asset Management Academy\",\"isPartOf\":{\"@id\":\"https:\/\/www.assetmanagementacademy.com\/pt-br\/#website\"},\"primaryImageOfPage\":{\"@id\":\"https:\/\/www.assetmanagementacademy.com\/pt-br\/produto\/iam-certificado-exame\/#primaryimage\"},\"image\":{\"@id\":\"https:\/\/www.assetmanagementacademy.com\/pt-br\/produto\/iam-certificado-exame\/#primaryimage\"},\"thumbnailUrl\":\"https:\/\/www.assetmanagementacademy.com\/wp-content\/uploads\/sites\/6\/2021\/12\/IAM-Certificate-decal.jpg\",\"datePublished\":\"2021-12-08T15:06:52+00:00\",\"dateModified\":\"2022-05-19T09:30:01+00:00\",\"breadcrumb\":{\"@id\":\"https:\/\/www.assetmanagementacademy.com\/pt-br\/produto\/iam-certificado-exame\/#breadcrumb\"},\"inLanguage\":\"pt-BR\",\"potentialAction\":[{\"@type\":\"ReadAction\",\"target\":[\"https:\/\/www.assetmanagementacademy.com\/pt-br\/produto\/iam-certificado-exame\/\"]}]},{\"@type\":\"ImageObject\",\"inLanguage\":\"pt-BR\",\"@id\":\"https:\/\/www.assetmanagementacademy.com\/pt-br\/produto\/iam-certificado-exame\/#primaryimage\",\"url\":\"https:\/\/www.assetmanagementacademy.com\/wp-content\/uploads\/sites\/6\/2021\/12\/IAM-Certificate-decal.jpg\",\"contentUrl\":\"https:\/\/www.assetmanagementacademy.com\/wp-content\/uploads\/sites\/6\/2021\/12\/IAM-Certificate-decal.jpg\",\"width\":541,\"height\":544},{\"@type\":\"BreadcrumbList\",\"@id\":\"https:\/\/www.assetmanagementacademy.com\/pt-br\/produto\/iam-certificado-exame\/#breadcrumb\",\"itemListElement\":[{\"@type\":\"ListItem\",\"position\":1,\"name\":\"Home\",\"item\":\"https:\/\/www.assetmanagementacademy.com\/pt-br\/\"},{\"@type\":\"ListItem\",\"position\":2,\"name\":\"Comprar\",\"item\":\"https:\/\/www.assetmanagementacademy.com\/pt-br\/loja\/\"},{\"@type\":\"ListItem\",\"position\":3,\"name\":\"Exame de certificado IAM\"}]},{\"@type\":\"WebSite\",\"@id\":\"https:\/\/www.assetmanagementacademy.com\/pt-br\/#website\",\"url\":\"https:\/\/www.assetmanagementacademy.com\/pt-br\/\",\"name\":\"Asset Management Academy\",\"description\":\"Asset Management Academy\",\"publisher\":{\"@id\":\"https:\/\/www.assetmanagementacademy.com\/pt-br\/#organization\"},\"potentialAction\":[{\"@type\":\"SearchAction\",\"target\":{\"@type\":\"EntryPoint\",\"urlTemplate\":\"https:\/\/www.assetmanagementacademy.com\/pt-br\/?s={search_term_string}\"},\"query-input\":{\"@type\":\"PropertyValueSpecification\",\"valueRequired\":true,\"valueName\":\"search_term_string\"}}],\"inLanguage\":\"pt-BR\"},{\"@type\":\"Organization\",\"@id\":\"https:\/\/www.assetmanagementacademy.com\/pt-br\/#organization\",\"name\":\"Asset Management Academy\",\"url\":\"https:\/\/www.assetmanagementacademy.com\/pt-br\/\",\"logo\":{\"@type\":\"ImageObject\",\"inLanguage\":\"pt-BR\",\"@id\":\"https:\/\/www.assetmanagementacademy.com\/pt-br\/#\/schema\/logo\/image\/\",\"url\":\"https:\/\/www.assetmanagementacademy.com\/wp-content\/uploads\/sites\/6\/2021\/09\/AMA-Logo-350x83-1.png\",\"contentUrl\":\"https:\/\/www.assetmanagementacademy.com\/wp-content\/uploads\/sites\/6\/2021\/09\/AMA-Logo-350x83-1.png\",\"width\":350,\"height\":83,\"caption\":\"Asset Management Academy\"},\"image\":{\"@id\":\"https:\/\/www.assetmanagementacademy.com\/pt-br\/#\/schema\/logo\/image\/\"}}]}<\/script>\n<!-- \/ Yoast SEO Premium plugin. -->","yoast_head_json":{"title":"Exame de certificado IAM - Asset Management Academy","robots":{"index":"index","follow":"follow","max-snippet":"max-snippet:-1","max-image-preview":"max-image-preview:large","max-video-preview":"max-video-preview:-1"},"canonical":"https:\/\/www.assetmanagementacademy.com\/pt-br\/produto\/iam-certificado-exame\/","og_locale":"pt_BR","og_type":"article","og_title":"Exame de certificado IAM","og_description":"Esteja pronto para fazer o seu Exame de Certificado do IAM depois de concluir o curso Princ\u00edpios de gerenciamento de ativos, estudos e leituras recomendadas. Voc\u00ea pode at\u00e9 fazer o [&hellip;]","og_url":"https:\/\/www.assetmanagementacademy.com\/pt-br\/produto\/iam-certificado-exame\/","og_site_name":"Asset Management Academy","article_modified_time":"2022-05-19T09:30:01+00:00","og_image":[{"width":541,"height":544,"url":"https:\/\/www.assetmanagementacademy.com\/wp-content\/uploads\/sites\/6\/2021\/12\/IAM-Certificate-decal.jpg","type":"image\/jpeg"}],"twitter_card":"summary_large_image","twitter_misc":{"Est. reading time":"1 minuto"},"schema":{"@context":"https:\/\/schema.org","@graph":[{"@type":"WebPage","@id":"https:\/\/www.assetmanagementacademy.com\/pt-br\/produto\/iam-certificado-exame\/","url":"https:\/\/www.assetmanagementacademy.com\/pt-br\/produto\/iam-certificado-exame\/","name":"Exame de certificado IAM - Asset Management Academy","isPartOf":{"@id":"https:\/\/www.assetmanagementacademy.com\/pt-br\/#website"},"primaryImageOfPage":{"@id":"https:\/\/www.assetmanagementacademy.com\/pt-br\/produto\/iam-certificado-exame\/#primaryimage"},"image":{"@id":"https:\/\/www.assetmanagementacademy.com\/pt-br\/produto\/iam-certificado-exame\/#primaryimage"},"thumbnailUrl":"https:\/\/www.assetmanagementacademy.com\/wp-content\/uploads\/sites\/6\/2021\/12\/IAM-Certificate-decal.jpg","datePublished":"2021-12-08T15:06:52+00:00","dateModified":"2022-05-19T09:30:01+00:00","breadcrumb":{"@id":"https:\/\/www.assetmanagementacademy.com\/pt-br\/produto\/iam-certificado-exame\/#breadcrumb"},"inLanguage":"pt-BR","potentialAction":[{"@type":"ReadAction","target":["https:\/\/www.assetmanagementacademy.com\/pt-br\/produto\/iam-certificado-exame\/"]}]},{"@type":"ImageObject","inLanguage":"pt-BR","@id":"https:\/\/www.assetmanagementacademy.com\/pt-br\/produto\/iam-certificado-exame\/#primaryimage","url":"https:\/\/www.assetmanagementacademy.com\/wp-content\/uploads\/sites\/6\/2021\/12\/IAM-Certificate-decal.jpg","contentUrl":"https:\/\/www.assetmanagementacademy.com\/wp-content\/uploads\/sites\/6\/2021\/12\/IAM-Certificate-decal.jpg","width":541,"height":544},{"@type":"BreadcrumbList","@id":"https:\/\/www.assetmanagementacademy.com\/pt-br\/produto\/iam-certificado-exame\/#breadcrumb","itemListElement":[{"@type":"ListItem","position":1,"name":"Home","item":"https:\/\/www.assetmanagementacademy.com\/pt-br\/"},{"@type":"ListItem","position":2,"name":"Comprar","item":"https:\/\/www.assetmanagementacademy.com\/pt-br\/loja\/"},{"@type":"ListItem","position":3,"name":"Exame de certificado IAM"}]},{"@type":"WebSite","@id":"https:\/\/www.assetmanagementacademy.com\/pt-br\/#website","url":"https:\/\/www.assetmanagementacademy.com\/pt-br\/","name":"Asset Management Academy","description":"Asset Management Academy","publisher":{"@id":"https:\/\/www.assetmanagementacademy.com\/pt-br\/#organization"},"potentialAction":[{"@type":"SearchAction","target":{"@type":"EntryPoint","urlTemplate":"https:\/\/www.assetmanagementacademy.com\/pt-br\/?s={search_term_string}"},"query-input":{"@type":"PropertyValueSpecification","valueRequired":true,"valueName":"search_term_string"}}],"inLanguage":"pt-BR"},{"@type":"Organization","@id":"https:\/\/www.assetmanagementacademy.com\/pt-br\/#organization","name":"Asset Management Academy","url":"https:\/\/www.assetmanagementacademy.com\/pt-br\/","logo":{"@type":"ImageObject","inLanguage":"pt-BR","@id":"https:\/\/www.assetmanagementacademy.com\/pt-br\/#\/schema\/logo\/image\/","url":"https:\/\/www.assetmanagementacademy.com\/wp-content\/uploads\/sites\/6\/2021\/09\/AMA-Logo-350x83-1.png","contentUrl":"https:\/\/www.assetmanagementacademy.com\/wp-content\/uploads\/sites\/6\/2021\/09\/AMA-Logo-350x83-1.png","width":350,"height":83,"caption":"Asset Management Academy"},"image":{"@id":"https:\/\/www.assetmanagementacademy.com\/pt-br\/#\/schema\/logo\/image\/"}}]}},"_links":{"self":[{"href":"https:\/\/www.assetmanagementacademy.com\/pt-br\/wp-json\/wp\/v2\/product\/984","targetHints":{"allow":["GET"]}}],"collection":[{"href":"https:\/\/www.assetmanagementacademy.com\/pt-br\/wp-json\/wp\/v2\/product"}],"about":[{"href":"https:\/\/www.assetmanagementacademy.com\/pt-br\/wp-json\/wp\/v2\/types\/product"}],"version-history":[{"count":0,"href":"https:\/\/www.assetmanagementacademy.com\/pt-br\/wp-json\/wp\/v2\/product\/984\/revisions"}],"wp:featuredmedia":[{"embeddable":true,"href":"https:\/\/www.assetmanagementacademy.com\/pt-br\/wp-json\/wp\/v2\/media\/780"}],"wp:attachment":[{"href":"https:\/\/www.assetmanagementacademy.com\/pt-br\/wp-json\/wp\/v2\/media?parent=984"}],"wp:term":[{"taxonomy":"product_brand","embeddable":true,"href":"https:\/\/www.assetmanagementacademy.com\/pt-br\/wp-json\/wp\/v2\/product_brand?post=984"},{"taxonomy":"product_cat","embeddable":true,"href":"https:\/\/www.assetmanagementacademy.com\/pt-br\/wp-json\/wp\/v2\/product_cat?post=984"},{"taxonomy":"product_tag","embeddable":true,"href":"https:\/\/www.assetmanagementacademy.com\/pt-br\/wp-json\/wp\/v2\/product_tag?post=984"}],"curies":[{"name":"wp","href":"https:\/\/api.w.org\/{rel}","templated":true}]}}